{"id":13384,"date":"2024-12-03T10:58:42","date_gmt":"2024-12-03T09:58:42","guid":{"rendered":"https:\/\/globaltrainingaviation.com\/?page_id=13384"},"modified":"2025-11-26T09:59:18","modified_gmt":"2025-11-26T08:59:18","slug":"curso-de-auxiliar-de-vuelo-aesa","status":"publish","type":"page","link":"https:\/\/globaltrainingaviation.com\/es\/curso-de-auxiliar-de-vuelo-aesa\/","title":{"rendered":"Curso de Auxiliar de vuelo AESA"},"content":{"rendered":"\t\t<div data-elementor-type=\"wp-page\" data-elementor-id=\"13384\" class=\"elementor elementor-13384 elementor-13383\" wpc-filter-elementor-widget=\"1\" data-elementor-post-type=\"page\">\n\t\t\t\t<div class=\"elementor-element elementor-element-6136ee8 e-con-full e-flex e-con e-parent\" data-id=\"6136ee8\" data-element_type=\"container\" data-e-type=\"container\">\n\t\t\t\t<div class=\"elementor-element elementor-element-fdb725b animated-slow elementor-invisible elementor-widget elementor-widget-heading\" data-id=\"fdb725b\" data-element_type=\"widget\" data-e-type=\"widget\" data-settings=\"{&quot;_animation&quot;:&quot;fadeInUp&quot;}\" data-widget_type=\"heading.default\">\n\t\t\t\t<div class=\"elementor-widget-container\">\n\t\t\t\t\t<h1 class=\"elementor-heading-title elementor-size-default\"><b>Curso de Azafata de Vuelo en Madrid <\/b> <\/h1>\t\t\t\t<\/div>\n\t\t\t\t<\/div>\n\t\t\t\t<\/div>\n\t\t<div class=\"elementor-element elementor-element-5180841 e-flex e-con-boxed e-con e-parent\" data-id=\"5180841\" data-element_type=\"container\" data-e-type=\"container\" data-settings=\"{&quot;background_background&quot;:&quot;classic&quot;}\">\n\t\t\t\t\t<div class=\"e-con-inner\">\n\t\t<div class=\"elementor-element elementor-element-fe82951 e-con-full e-flex e-con e-child\" data-id=\"fe82951\" data-element_type=\"container\" data-e-type=\"container\">\n\t\t\t\t<\/div>\n\t\t\t\t\t<\/div>\n\t\t\t\t<\/div>\n\t\t<div class=\"elementor-element elementor-element-cabfe33 e-con-full e-flex e-con e-parent\" data-id=\"cabfe33\" data-element_type=\"container\" data-e-type=\"container\">\n\t\t<div class=\"elementor-element elementor-element-10e4563 e-con-full e-flex e-con e-child\" data-id=\"10e4563\" data-element_type=\"container\" data-e-type=\"container\">\n\t\t<div class=\"elementor-element elementor-element-6bce725 e-con-full e-flex e-con e-child\" data-id=\"6bce725\" data-element_type=\"container\" data-e-type=\"container\">\n\t\t<div class=\"elementor-element elementor-element-6226b75 e-con-full e-flex e-con e-child\" data-id=\"6226b75\" data-element_type=\"container\" data-e-type=\"container\">\n\t\t<div class=\"elementor-element elementor-element-3091f96 e-con-full e-flex e-con e-child\" data-id=\"3091f96\" data-element_type=\"container\" data-e-type=\"container\">\n\t\t\t\t<div class=\"elementor-element elementor-element-4c51d0b animated-slow elementor-invisible elementor-widget elementor-widget-text-editor\" data-id=\"4c51d0b\" data-element_type=\"widget\" data-e-type=\"widget\" data-settings=\"{&quot;_animation&quot;:&quot;fadeInUp&quot;}\" data-widget_type=\"text-editor.default\">\n\t\t\t\t<div class=\"elementor-widget-container\">\n\t\t\t\t\t\t\t\t\t<p>Desde\u00a0GTA Madrid\u00a0recomendamos se cumplan los siguientes\u00a0requisitos\u00a0a la hora de realizar el\u00a0<strong><span style=\"color: #000000;\"><a style=\"color: #000000;\" title=\"CURSO DE AUXILIAR DE VUELO \/ AESA\" href=\"https:\/\/globaltrainingaviation.com\/es\/curso-auxiliar-de-vuelo-aesa\/\">curso de Auxiliar de vuelo<\/a><\/span><\/strong> en Madrid\u00a0(Espa\u00f1a). Algunos de estos requisitos son exigencias de\u00a0<strong><span style=\"color: #000000;\"><a style=\"color: #000000;\" href=\"https:\/\/web.archive.org\/web\/20240518190628\/https:\/\/www.seguridadaerea.gob.es\/\">AESA<\/a><\/span><\/strong>\u00a0y otros son recomendaciones de <strong><span style=\"color: #000000;\"><a style=\"color: #000000;\" title=\"Inicio\" href=\"https:\/\/globaltrainingaviation.com\/es\/\">GTA<\/a><\/span><\/strong> basados en nuestra experiencia y en los procesos de contrataci\u00f3n de tripulantes de cabina de pasajeros (TCP) por parte de las aerol\u00edneas.<\/p>\t\t\t\t\t\t\t\t<\/div>\n\t\t\t\t<\/div>\n\t\t\t\t<div class=\"elementor-element elementor-element-7669f11 elementor-widget elementor-widget-heading\" data-id=\"7669f11\" data-element_type=\"widget\" data-e-type=\"widget\" data-settings=\"{&quot;_animation_widescreen&quot;:&quot;fadeInUp&quot;}\" data-widget_type=\"heading.default\">\n\t\t\t\t<div class=\"elementor-widget-container\">\n\t\t\t\t\t<h2 class=\"elementor-heading-title elementor-size-default\">Requisitos azafata de vuelo<\/h2>\t\t\t\t<\/div>\n\t\t\t\t<\/div>\n\t\t\t\t<div class=\"elementor-element elementor-element-5e5ca84 animated-slow elementor-invisible elementor-widget elementor-widget-text-editor\" data-id=\"5e5ca84\" data-element_type=\"widget\" data-e-type=\"widget\" data-settings=\"{&quot;_animation&quot;:&quot;fadeInUp&quot;}\" data-widget_type=\"text-editor.default\">\n\t\t\t\t<div class=\"elementor-widget-container\">\n\t\t\t\t\t\t\t\t\t<p><strong>Edad:<\/strong>\u00a0Ser mayor de edad\u00a0al finalizar el curso de\u00a0azafata\u00a0\/\u00a0azafato de vuelo.\u00a0 Se puede iniciar el curso con 17 a\u00f1os pero el t\u00edtulo s\u00f3lo ser\u00e1 oficial cuando una vez aprobado el curso el alumno cumpla 18 a\u00f1os.<\/p>\n<p><strong>Saber nadar:<\/strong>\u00a0Saber nadar para superar el examen pr\u00e1ctico (100 metros en 2 minutos y 30 segundos). Durante el curso de auxiliar de vuelo se realizan pr\u00e1cticas en piscina para que alcances los objetivos marcados.<\/p>\n<p><strong>Idiomas:<\/strong>\u00a0Es imprescindible un perfecto dominio del espa\u00f1ol, conocimientos de ingl\u00e9s. El curso se imparte en espa\u00f1ol por normativa de AESA. Nosotros recomendamos a nuestros estudiantes que dominen el ingl\u00e9s , aunque no se necesita ninguna titulaci\u00f3n espec\u00edfica.<\/p>\n<p>El conocimiento de otro idioma ser\u00e1 muy valorado por las compa\u00f1\u00edas.<\/p>\n<p><strong>Altura m\u00ednima:<\/strong>\u00a0Depende de cada compa\u00f1\u00eda a\u00e9rea a\u00e9rea. Aunque no existe un limite a la hora de realizar el curso de azafata \/ azafato de vuelo nosotros recomendamos:\u2028Mujeres: sobre los 1.60m. aprox. Hombres: aprox. 1.70m.<\/p>\n<p><strong>Formaci\u00f3n acad\u00e9mica:<\/strong>\u00a0La titulaci\u00f3n m\u00ednima es ESO o equivalentes. Desde GTA recomendamos tener t\u00edtulo de Bachillerato o similares que ser\u00e1n valoradas de manera positiva por las compa\u00f1\u00edas a\u00e9reas.<\/p>\n<p><br \/>No lo dudes y ap\u00fantate ya a nuestro pr\u00f3ximo\u00a0<strong>curso de azafata o azafatato de vuelo en Madrid.<\/strong><\/p>\n<p><strong>\u00bfCu\u00e1nto cobra una azafata de vuelo en Espa\u00f1a?<\/strong><\/p>\n<p>\u00a0<\/p>\n<p>\u00a0<\/p>\t\t\t\t\t\t\t\t<\/div>\n\t\t\t\t<\/div>\n\t\t\t\t<\/div>\n\t\t\t\t<\/div>\n\t\t\t\t<\/div>\n\t\t<div class=\"elementor-element elementor-element-a0d780c e-con-full e-flex e-con e-child\" data-id=\"a0d780c\" data-element_type=\"container\" data-e-type=\"container\">\n\t\t<div class=\"elementor-element elementor-element-63d3880 e-con-full e-flex e-con e-child\" data-id=\"63d3880\" data-element_type=\"container\" data-e-type=\"container\" data-settings=\"{&quot;sticky&quot;:&quot;top&quot;,&quot;sticky_parent&quot;:&quot;yes&quot;,&quot;motion_fx_motion_fx_scrolling&quot;:&quot;yes&quot;,&quot;sticky_offset&quot;:130,&quot;motion_fx_devices&quot;:[&quot;widescreen&quot;,&quot;desktop&quot;,&quot;laptop&quot;,&quot;tablet&quot;,&quot;mobile&quot;],&quot;sticky_on&quot;:[&quot;widescreen&quot;,&quot;desktop&quot;,&quot;laptop&quot;,&quot;tablet&quot;,&quot;mobile&quot;],&quot;sticky_effects_offset&quot;:0,&quot;sticky_anchor_link_offset&quot;:0}\">\n\t\t\t\t<div class=\"elementor-element elementor-element-3983632 elementor-widget elementor-widget-template\" data-id=\"3983632\" data-element_type=\"widget\" data-e-type=\"widget\" data-widget_type=\"template.default\">\n\t\t\t\t<div class=\"elementor-widget-container\">\n\t\t\t\t\t\t\t<div class=\"elementor-template\">\n\t\t\t\t\t<div data-elementor-type=\"container\" data-elementor-id=\"13350\" class=\"elementor elementor-13350 elementor-13347 elementor-13347\" wpc-filter-elementor-widget=\"1\" data-elementor-post-type=\"elementor_library\">\n\t\t\t\t<div class=\"elementor-element elementor-element-3b7817b8 e-con-full e-flex e-con e-child\" data-id=\"3b7817b8\" data-element_type=\"container\" data-e-type=\"container\">\n\t\t<div class=\"elementor-element elementor-element-168237c e-con-full e-flex e-con e-child\" data-id=\"168237c\" data-element_type=\"container\" data-e-type=\"container\">\n\t\t\t\t<div class=\"elementor-element elementor-element-37088443 elementor-widget__width-inherit elementor-widget elementor-widget-heading\" data-id=\"37088443\" data-element_type=\"widget\" data-e-type=\"widget\" data-widget_type=\"heading.default\">\n\t\t\t\t<div class=\"elementor-widget-container\">\n\t\t\t\t\t<h2 class=\"elementor-heading-title elementor-size-default\">\u00bfListo para volar?<\/h2>\t\t\t\t<\/div>\n\t\t\t\t<\/div>\n\t\t\t\t<div class=\"elementor-element elementor-element-65dd9c9 elementor-widget elementor-widget-heading\" data-id=\"65dd9c9\" data-element_type=\"widget\" data-e-type=\"widget\" data-widget_type=\"heading.default\">\n\t\t\t\t<div class=\"elementor-widget-container\">\n\t\t\t\t\t<h2 class=\"elementor-heading-title elementor-size-default\">\u00a1Vamos a empezar!<\/h2>\t\t\t\t<\/div>\n\t\t\t\t<\/div>\n\t\t\t\t<\/div>\n\t\t\t\t<div class=\"elementor-element elementor-element-5acd97db elementor-widget-mobile__width-initial elementor-widget elementor-widget-text-editor\" data-id=\"5acd97db\" data-element_type=\"widget\" data-e-type=\"widget\" data-widget_type=\"text-editor.default\">\n\t\t\t\t<div class=\"elementor-widget-container\">\n\t\t\t\t\t\t\t\t\t<p>Deja tus datos de contacto y nos pondremos en contacto contigo<\/p>\n\t\t\t\t\t\t\t\t<\/div>\n\t\t\t\t<\/div>\n\t\t\t\t<div class=\"elementor-element elementor-element-764db406 elementor-button-align-stretch elementor-widget elementor-widget-form\" data-id=\"764db406\" data-element_type=\"widget\" data-e-type=\"widget\" data-settings=\"{&quot;step_next_label&quot;:&quot;Siguiente&quot;,&quot;step_previous_label&quot;:&quot;Anterior&quot;,&quot;button_width&quot;:&quot;100&quot;,&quot;step_type&quot;:&quot;number_text&quot;,&quot;step_icon_shape&quot;:&quot;circle&quot;}\" data-widget_type=\"form.default\">\n\t\t\t\t<div class=\"elementor-widget-container\">\n\t\t\t\t\t\t\t<form class=\"elementor-form\" method=\"post\" name=\"Formulario type rating personal ES\" aria-label=\"Formulario type rating personal ES\">\n\t\t\t<input type=\"hidden\" name=\"post_id\" value=\"13350\"\/>\n\t\t\t<input type=\"hidden\" name=\"form_id\" value=\"764db406\"\/>\n\t\t\t<input type=\"hidden\" name=\"referer_title\" value=\"\" \/>\n\n\t\t\t\n\t\t\t<div class=\"elementor-form-fields-wrapper elementor-labels-above\">\n\t\t\t\t\t\t\t\t<div class=\"elementor-field-type-text elementor-field-group elementor-column elementor-field-group-name elementor-col-50 elementor-field-required\">\n\t\t\t\t\t\t\t\t\t\t\t\t\t<input size=\"1\" type=\"text\" name=\"form_fields[name]\" id=\"form-field-name\" class=\"elementor-field elementor-size-xs  elementor-field-textual\" placeholder=\"NOMBRE\" required=\"required\">\n\t\t\t\t\t\t\t\t\t\t\t<\/div>\n\t\t\t\t\t\t\t\t<div class=\"elementor-field-type-text elementor-field-group elementor-column elementor-field-group-last_name elementor-col-50\">\n\t\t\t\t\t\t\t\t\t\t\t\t\t<input size=\"1\" type=\"text\" name=\"form_fields[last_name]\" id=\"form-field-last_name\" class=\"elementor-field elementor-size-xs  elementor-field-textual\" placeholder=\"APELLIDO\">\n\t\t\t\t\t\t\t\t\t\t\t<\/div>\n\t\t\t\t\t\t\t\t<div class=\"elementor-field-type-email elementor-field-group elementor-column elementor-field-group-email elementor-col-100 elementor-field-required\">\n\t\t\t\t\t\t\t\t\t\t\t\t\t<input size=\"1\" type=\"email\" name=\"form_fields[email]\" id=\"form-field-email\" class=\"elementor-field elementor-size-xs  elementor-field-textual\" placeholder=\"CORREO\" required=\"required\">\n\t\t\t\t\t\t\t\t\t\t\t<\/div>\n\t\t\t\t\t\t\t\t<div class=\"elementor-field-type-text elementor-field-group elementor-column elementor-field-group-phone_code elementor-col-50\">\n\t\t\t\t\t\t\t\t\t\t\t\t\t<input size=\"1\" type=\"text\" name=\"form_fields[phone_code]\" id=\"form-field-phone_code\" class=\"elementor-field elementor-size-xs  elementor-field-textual\" placeholder=\"TEL\u00c9FONO PA\u00cdS COD.\">\n\t\t\t\t\t\t\t\t\t\t\t<\/div>\n\t\t\t\t\t\t\t\t<div class=\"elementor-field-type-tel elementor-field-group elementor-column elementor-field-group-phone_number elementor-col-50\">\n\t\t\t\t\t\t\t<input size=\"1\" type=\"tel\" name=\"form_fields[phone_number]\" id=\"form-field-phone_number\" class=\"elementor-field elementor-size-xs  elementor-field-textual\" placeholder=\"N\u00daMERO DE TEL\u00c9FONO\" pattern=\"[0-9()#&amp;+*-=.]+\" title=\"Solo se aceptan n\u00fameros y caracteres de tel\u00e9fono (#,-,*,etc).\">\n\n\t\t\t\t\t\t<\/div>\n\t\t\t\t\t\t\t\t<div class=\"elementor-field-type-select elementor-field-group elementor-column elementor-field-group-start_training elementor-col-100 elementor-field-required\">\n\t\t\t\t\t\t\t<div class=\"elementor-field elementor-select-wrapper remove-before \">\n\t\t\t<div class=\"select-caret-down-wrapper\">\n\t\t\t\t<svg aria-hidden=\"true\" class=\"e-font-icon-svg e-eicon-caret-down\" viewBox=\"0 0 571.4 571.4\" xmlns=\"http:\/\/www.w3.org\/2000\/svg\"><path d=\"M571 393Q571 407 561 418L311 668Q300 679 286 679T261 668L11 418Q0 407 0 393T11 368 36 357H536Q550 357 561 368T571 393Z\"><\/path><\/svg>\t\t\t<\/div>\n\t\t\t<select name=\"form_fields[start_training]\" id=\"form-field-start_training\" class=\"elementor-field-textual elementor-size-xs\" required=\"required\">\n\t\t\t\t\t\t\t\t\t<option value=\"\">\u00bfCu\u00e1ndo quieres empezar a formarte?<\/option>\n\t\t\t\t\t\t\t\t\t<option value=\"Lo antes posible\">Lo antes posible<\/option>\n\t\t\t\t\t\t\t\t\t<option value=\"Entre 3 y 6 meses\">Entre 3 y 6 meses<\/option>\n\t\t\t\t\t\t\t\t\t<option value=\"En 6 meses o m\u00e1s\">En 6 meses o m\u00e1s<\/option>\n\t\t\t\t\t\t\t<\/select>\n\t\t<\/div>\n\t\t\t\t\t\t<\/div>\n\t\t\t\t\t\t\t\t<div class=\"elementor-field-type-textarea elementor-field-group elementor-column elementor-field-group-message elementor-col-100\">\n\t\t\t\t\t<textarea class=\"elementor-field-textual elementor-field  elementor-size-xs\" name=\"form_fields[message]\" id=\"form-field-message\" rows=\"4\" placeholder=\"COMENTARIOS\"><\/textarea>\t\t\t\t<\/div>\n\t\t\t\t\t\t\t\t<div class=\"elementor-field-type-acceptance elementor-field-group elementor-column elementor-field-group-privacy_policy elementor-col-100 elementor-field-required\">\n\t\t\t\t\t\t\t<div class=\"elementor-field-subgroup\">\n\t\t\t<span class=\"elementor-field-option\">\n\t\t\t\t<input type=\"checkbox\" name=\"form_fields[privacy_policy]\" id=\"form-field-privacy_policy\" class=\"elementor-field elementor-size-xs  elementor-acceptance-field\" required=\"required\">\n\t\t\t\t<label for=\"form-field-privacy_policy\">He le\u00eddo y acepto el <a href=\"https:\/\/globaltrainingaviation.com\/es\/aviso-legal\/\" style=\"text-decoration: underline; color:#2C2760; font-weight: bold;\">Aviso Legal<\/a> y la <a href=\"https:\/\/globaltrainingaviation.com\/es\/?page_id=10215\" style=\"text-decoration: underline; color:#2C2760; font-weight: bold; \">Pol\u00edtica de Privacidad<\/a> de este sitio web.<\/label>\t\t\t<\/span>\n\t\t<\/div>\n\t\t\t\t\t\t<\/div>\n\t\t\t\t\t\t\t\t<div class=\"elementor-field-type-hidden elementor-field-group elementor-column elementor-field-group-page elementor-col-100\">\n\t\t\t\t\t\t\t\t\t\t\t\t\t<input size=\"1\" type=\"hidden\" name=\"form_fields[page]\" id=\"form-field-page\" class=\"elementor-field elementor-size-xs  elementor-field-textual\" value=\"Curso de Auxiliar de vuelo AESA\">\n\t\t\t\t\t\t\t\t\t\t\t<\/div>\n\t\t\t\t\t\t\t\t<div class=\"elementor-field-type-recaptcha_v3 elementor-field-group elementor-column elementor-field-group-captcha elementor-col-100 recaptcha_v3-bottomright\">\n\t\t\t\t\t<div class=\"elementor-field\" id=\"form-field-captcha\"><div class=\"elementor-g-recaptcha\" data-sitekey=\"6LfZjGcqAAAAAHVjk3UFDSFRI7oniv9QoBzmmNR0\" data-type=\"v3\" data-action=\"Form\" data-badge=\"bottomright\" data-size=\"invisible\"><\/div><\/div>\t\t\t\t<\/div>\n\t\t\t\t\t\t\t\t<div class=\"elementor-field-group elementor-column elementor-field-type-submit elementor-col-100 e-form__buttons\">\n\t\t\t\t\t<button class=\"elementor-button elementor-size-sm\" type=\"submit\" id=\"btn-type-rating\">\n\t\t\t\t\t\t<span class=\"elementor-button-content-wrapper\">\n\t\t\t\t\t\t\t\t\t\t\t\t\t\t\t\t\t\t\t\t\t\t<span class=\"elementor-button-text\">ENVIAR<\/span>\n\t\t\t\t\t\t\t\t\t\t\t\t\t<\/span>\n\t\t\t\t\t<\/button>\n\t\t\t\t<\/div>\n\t\t\t<\/div>\n\t\t<\/form>\n\t\t\t\t\t\t<\/div>\n\t\t\t\t<\/div>\n\t\t\t\t<\/div>\n\t\t\t\t<\/div>\n\t\t\t\t<\/div>\n\t\t\t\t\t\t<\/div>\n\t\t\t\t<\/div>\n\t\t\t\t<\/div>\n\t\t\t\t<\/div>\n\t\t\t\t<\/div>\n\t\t\t\t<\/div>\n\t\t<div class=\"elementor-element elementor-element-3f2de36 e-con-full e-flex e-con e-parent\" data-id=\"3f2de36\" data-element_type=\"container\" data-e-type=\"container\" id=\"program\">\n\t\t\t\t<div class=\"elementor-element elementor-element-8f41760 animated-slow elementor-invisible elementor-widget elementor-widget-video\" data-id=\"8f41760\" data-element_type=\"widget\" data-e-type=\"widget\" data-settings=\"{&quot;video_type&quot;:&quot;hosted&quot;,&quot;_animation&quot;:&quot;fadeInUp&quot;,&quot;_animation_delay&quot;:100,&quot;start&quot;:2,&quot;controls&quot;:&quot;yes&quot;}\" data-widget_type=\"video.default\">\n\t\t\t\t<div class=\"elementor-widget-container\">\n\t\t\t\t\t\t\t<div class=\"e-hosted-video elementor-wrapper elementor-open-inline\">\n\t\t\t\t\t<video class=\"elementor-video\" src=\"https:\/\/globaltrainingaviation.com\/\/wp-content\/uploads\/2024\/09\/gta_home.mp4#t=2\" controls=\"\" preload=\"metadata\" controlsList=\"nodownload\" poster=\"https:\/\/globaltrainingaviation.com\/\/wp-content\/uploads\/2024\/09\/GTA-BOOGOTA-CAMPUS.png\"><\/video>\n\t\t\t\t<\/div>\n\t\t\t\t\t\t<\/div>\n\t\t\t\t<\/div>\n\t\t\t\t<\/div>\n\t\t\t\t<\/div>\n\t\t","protected":false},"excerpt":{"rendered":"<p>DGAC IndonesiaA320 HABILITACI\u00d3N DE TIPO GTA ha desarrollado un programa de habilitaci\u00f3n de tipo A320 para una nueva era. Nuestra formaci\u00f3n de alta calidad prepara a los pilotos para operar aeronaves de forma segura y competente gracias a nuestros experimentados instructores y a las \u00faltimas tecnolog\u00edas. Flight Attendant Requirements Age:\u00a0Be of legal age at the [&hellip;]<\/p>\n","protected":false},"author":1,"featured_media":0,"parent":0,"menu_order":0,"comment_status":"closed","ping_status":"closed","template":"elementor_header_footer","meta":{"om_disable_all_campaigns":false,"_uf_show_specific_survey":0,"_uf_disable_surveys":false,"footnotes":""},"categories":[],"tags":[],"class_list":["post-13384","page","type-page","status-publish","hentry"],"aioseo_notices":[],"_links":{"self":[{"href":"https:\/\/globaltrainingaviation.com\/es\/wp-json\/wp\/v2\/pages\/13384","targetHints":{"allow":["GET"]}}],"collection":[{"href":"https:\/\/globaltrainingaviation.com\/es\/wp-json\/wp\/v2\/pages"}],"about":[{"href":"https:\/\/globaltrainingaviation.com\/es\/wp-json\/wp\/v2\/types\/page"}],"author":[{"embeddable":true,"href":"https:\/\/globaltrainingaviation.com\/es\/wp-json\/wp\/v2\/users\/1"}],"replies":[{"embeddable":true,"href":"https:\/\/globaltrainingaviation.com\/es\/wp-json\/wp\/v2\/comments?post=13384"}],"version-history":[{"count":20,"href":"https:\/\/globaltrainingaviation.com\/es\/wp-json\/wp\/v2\/pages\/13384\/revisions"}],"predecessor-version":[{"id":27015,"href":"https:\/\/globaltrainingaviation.com\/es\/wp-json\/wp\/v2\/pages\/13384\/revisions\/27015"}],"wp:attachment":[{"href":"https:\/\/globaltrainingaviation.com\/es\/wp-json\/wp\/v2\/media?parent=13384"}],"wp:term":[{"taxonomy":"category","embeddable":true,"href":"https:\/\/globaltrainingaviation.com\/es\/wp-json\/wp\/v2\/categories?post=13384"},{"taxonomy":"post_tag","embeddable":true,"href":"https:\/\/globaltrainingaviation.com\/es\/wp-json\/wp\/v2\/tags?post=13384"}],"curies":[{"name":"wp","href":"https:\/\/api.w.org\/{rel}","templated":true}]}}