{"id":10216,"date":"2024-09-25T12:13:43","date_gmt":"2024-09-25T10:13:43","guid":{"rendered":"https:\/\/globaltrainingaviation.com\/ofertas\/"},"modified":"2026-01-22T12:43:05","modified_gmt":"2026-01-22T11:43:05","slug":"ofertas","status":"publish","type":"page","link":"https:\/\/globaltrainingaviation.com\/es\/ofertas\/","title":{"rendered":"Ofertas"},"content":{"rendered":"\t\t<div data-elementor-type=\"wp-page\" data-elementor-id=\"10216\" class=\"elementor elementor-10216 elementor-6571\" wpc-filter-elementor-widget=\"1\" data-elementor-post-type=\"page\">\n\t\t\t\t<div class=\"elementor-element elementor-element-90dcf2b e-con-full e-flex e-con e-parent\" data-id=\"90dcf2b\" data-element_type=\"container\" data-e-type=\"container\" data-settings=\"{&quot;background_background&quot;:&quot;classic&quot;}\">\n\t\t<div class=\"elementor-element elementor-element-dad2aeb e-con-full e-flex e-con e-child\" data-id=\"dad2aeb\" data-element_type=\"container\" data-e-type=\"container\">\n\t\t<div class=\"elementor-element elementor-element-0d66e26 e-con-full e-flex e-con e-child\" data-id=\"0d66e26\" data-element_type=\"container\" data-e-type=\"container\">\n\t\t\t\t<div class=\"elementor-element elementor-element-83c4039 elementor-widget-mobile__width-initial elementor-widget elementor-widget-heading\" data-id=\"83c4039\" data-element_type=\"widget\" data-e-type=\"widget\" data-widget_type=\"heading.default\">\n\t\t\t\t<div class=\"elementor-widget-container\">\n\t\t\t\t\t<h1 class=\"elementor-heading-title elementor-size-default\">Ofertas<\/h1>\t\t\t\t<\/div>\n\t\t\t\t<\/div>\n\t\t\t\t<\/div>\n\t\t<div class=\"elementor-element elementor-element-5684c7d e-con-full elementor-hidden-mobile e-flex e-con e-child\" data-id=\"5684c7d\" data-element_type=\"container\" data-e-type=\"container\">\n\t\t\t\t<\/div>\n\t\t\t\t<\/div>\n\t\t\t\t<\/div>\n\t\t<div class=\"elementor-element elementor-element-10ec466 e-con-full e-flex e-con e-parent\" data-id=\"10ec466\" data-element_type=\"container\" data-e-type=\"container\" data-settings=\"{&quot;animation&quot;:&quot;none&quot;}\">\n\t\t<div class=\"elementor-element elementor-element-9480c9a e-con-full e-flex elementor-invisible e-con e-child\" data-id=\"9480c9a\" data-element_type=\"container\" data-e-type=\"container\" data-settings=\"{&quot;animation&quot;:&quot;fadeInUp&quot;}\">\n\t\t\t\t<div class=\"elementor-element elementor-element-a1332da elementor-widget elementor-widget-image\" data-id=\"a1332da\" data-element_type=\"widget\" data-e-type=\"widget\" data-widget_type=\"image.default\">\n\t\t\t\t<div class=\"elementor-widget-container\">\n\t\t\t\t\t\t\t\t\t\t\t\t\t\t\t<img fetchpriority=\"high\" decoding=\"async\" width=\"464\" height=\"332\" src=\"https:\/\/globaltrainingaviation.com\/wp-content\/uploads\/2024\/09\/Rectangle-254-1.png\" class=\"attachment-full size-full wp-image-9972\" alt=\"\" srcset=\"https:\/\/globaltrainingaviation.com\/wp-content\/uploads\/2024\/09\/Rectangle-254-1.png 464w, https:\/\/globaltrainingaviation.com\/wp-content\/uploads\/2024\/09\/Rectangle-254-1-300x215.png 300w\" sizes=\"(max-width: 464px) 100vw, 464px\" \/>\t\t\t\t\t\t\t\t\t\t\t\t\t\t\t<\/div>\n\t\t\t\t<\/div>\n\t\t\t\t<div class=\"elementor-element elementor-element-276f24f elementor-widget elementor-widget-text-editor\" data-id=\"276f24f\" data-element_type=\"widget\" data-e-type=\"widget\" data-widget_type=\"text-editor.default\">\n\t\t\t\t<div class=\"elementor-widget-container\">\n\t\t\t\t\t\t\t\t\t<p><strong><span style=\"color: #000000;\">OFERTA ANTICIPADA<\/span><\/strong><\/p>\n<p><span style=\"color: #000000;\">\u00a1No esperes hasta el \u00faltimo minuto!<\/span><\/p>\n<p><strong><span style=\"color: #ae861f;\">01 MARZO 2023 &#8211; 31 DICIEMBRE 2024<\/span><\/strong><\/p>\n\t\t\t\t\t\t\t\t<\/div>\n\t\t\t\t<\/div>\n\t\t<div class=\"elementor-element elementor-element-c11026c e-con-full e-flex e-con e-child\" data-id=\"c11026c\" data-element_type=\"container\" data-e-type=\"container\">\n\t\t\t\t<div class=\"elementor-element elementor-element-8233231 elementor-tablet-align-left elementor-widget elementor-widget-button\" data-id=\"8233231\" data-element_type=\"widget\" data-e-type=\"widget\" data-widget_type=\"button.default\">\n\t\t\t\t<div class=\"elementor-widget-container\">\n\t\t\t\t\t\t\t\t\t<div class=\"elementor-button-wrapper\">\n\t\t\t\t\t<a class=\"elementor-button elementor-button-link elementor-size-sm\" href=\"https:\/\/globaltrainingaviation.com\/es\/oferta-por-reserva-anticipada\/\">\n\t\t\t\t\t\t<span class=\"elementor-button-content-wrapper\">\n\t\t\t\t\t\t\t\t\t<span class=\"elementor-button-text\">LEER M\u00c1S<\/span>\n\t\t\t\t\t<\/span>\n\t\t\t\t\t<\/a>\n\t\t\t\t<\/div>\n\t\t\t\t\t\t\t\t<\/div>\n\t\t\t\t<\/div>\n\t\t\t\t<\/div>\n\t\t\t\t<\/div>\n\t\t<div class=\"elementor-element elementor-element-56d284a e-con-full e-flex elementor-invisible e-con e-child\" data-id=\"56d284a\" data-element_type=\"container\" data-e-type=\"container\" data-settings=\"{&quot;animation&quot;:&quot;fadeInUp&quot;}\">\n\t\t\t\t<div class=\"elementor-element elementor-element-137904f elementor-widget elementor-widget-image\" data-id=\"137904f\" data-element_type=\"widget\" data-e-type=\"widget\" data-widget_type=\"image.default\">\n\t\t\t\t<div class=\"elementor-widget-container\">\n\t\t\t\t\t\t\t\t\t\t\t\t\t\t\t<img decoding=\"async\" width=\"464\" height=\"332\" src=\"https:\/\/globaltrainingaviation.com\/wp-content\/uploads\/2024\/09\/Rectangle-255-1.png\" class=\"attachment-full size-full wp-image-9973\" alt=\"\" srcset=\"https:\/\/globaltrainingaviation.com\/wp-content\/uploads\/2024\/09\/Rectangle-255-1.png 464w, https:\/\/globaltrainingaviation.com\/wp-content\/uploads\/2024\/09\/Rectangle-255-1-300x215.png 300w\" sizes=\"(max-width: 464px) 100vw, 464px\" \/>\t\t\t\t\t\t\t\t\t\t\t\t\t\t\t<\/div>\n\t\t\t\t<\/div>\n\t\t\t\t<div class=\"elementor-element elementor-element-6190a64 elementor-widget elementor-widget-text-editor\" data-id=\"6190a64\" data-element_type=\"widget\" data-e-type=\"widget\" data-widget_type=\"text-editor.default\">\n\t\t\t\t<div class=\"elementor-widget-container\">\n\t\t\t\t\t\t\t\t\t<p><strong>Curso de habilitaci\u00f3n de tipo A320 JIT+ desde 14.990\u20ac.<\/strong><\/p>\n<p>Para los titulares de una licencia de la DGAC India<\/p>\n<p><strong><span style=\"color: #ae861f;\">29 FEBRERO 2024 &#8211; 31 MARZO 2024<\/span><\/strong><\/p>\n\t\t\t\t\t\t\t\t<\/div>\n\t\t\t\t<\/div>\n\t\t\t\t<div class=\"elementor-element elementor-element-7f99861 elementor-widget elementor-widget-button\" data-id=\"7f99861\" data-element_type=\"widget\" data-e-type=\"widget\" data-widget_type=\"button.default\">\n\t\t\t\t<div class=\"elementor-widget-container\">\n\t\t\t\t\t\t\t\t\t<div class=\"elementor-button-wrapper\">\n\t\t\t\t\t<a class=\"elementor-button elementor-button-link elementor-size-sm\" href=\"https:\/\/globaltrainingaviation.com\/es\/curso-de-habilitacion-de-tipo-a320-jit\/\">\n\t\t\t\t\t\t<span class=\"elementor-button-content-wrapper\">\n\t\t\t\t\t\t\t\t\t<span class=\"elementor-button-text\">LEER M\u00c1S<\/span>\n\t\t\t\t\t<\/span>\n\t\t\t\t\t<\/a>\n\t\t\t\t<\/div>\n\t\t\t\t\t\t\t\t<\/div>\n\t\t\t\t<\/div>\n\t\t\t\t<\/div>\n\t\t\t\t<\/div>\n\t\t<div class=\"elementor-element elementor-element-828dd40 e-con-full e-flex e-con e-parent\" data-id=\"828dd40\" data-element_type=\"container\" data-e-type=\"container\" data-settings=\"{&quot;animation&quot;:&quot;none&quot;}\">\n\t\t<div class=\"elementor-element elementor-element-2e3d108 e-con-full e-flex elementor-invisible e-con e-child\" data-id=\"2e3d108\" data-element_type=\"container\" data-e-type=\"container\" data-settings=\"{&quot;animation&quot;:&quot;fadeInUp&quot;}\">\n\t\t\t\t<div class=\"elementor-element elementor-element-d32b80f elementor-widget elementor-widget-image\" data-id=\"d32b80f\" data-element_type=\"widget\" data-e-type=\"widget\" data-widget_type=\"image.default\">\n\t\t\t\t<div class=\"elementor-widget-container\">\n\t\t\t\t\t\t\t\t\t\t\t\t\t\t\t<img decoding=\"async\" width=\"2592\" height=\"1761\" src=\"https:\/\/globaltrainingaviation.com\/wp-content\/uploads\/2024\/10\/A320-landing.png\" class=\"attachment-full size-full wp-image-11145\" alt=\"\" srcset=\"https:\/\/globaltrainingaviation.com\/wp-content\/uploads\/2024\/10\/A320-landing.png 2592w, https:\/\/globaltrainingaviation.com\/wp-content\/uploads\/2024\/10\/A320-landing-300x204.png 300w, https:\/\/globaltrainingaviation.com\/wp-content\/uploads\/2024\/10\/A320-landing-1024x696.png 1024w, https:\/\/globaltrainingaviation.com\/wp-content\/uploads\/2024\/10\/A320-landing-768x522.png 768w, https:\/\/globaltrainingaviation.com\/wp-content\/uploads\/2024\/10\/A320-landing-1536x1044.png 1536w, https:\/\/globaltrainingaviation.com\/wp-content\/uploads\/2024\/10\/A320-landing-2048x1391.png 2048w\" sizes=\"(max-width: 2592px) 100vw, 2592px\" \/>\t\t\t\t\t\t\t\t\t\t\t\t\t\t\t<\/div>\n\t\t\t\t<\/div>\n\t\t\t\t<div class=\"elementor-element elementor-element-923304d elementor-widget elementor-widget-text-editor\" data-id=\"923304d\" data-element_type=\"widget\" data-e-type=\"widget\" data-widget_type=\"text-editor.default\">\n\t\t\t\t<div class=\"elementor-widget-container\">\n\t\t\t\t\t\t\t\t\t<p><strong><span style=\"color: #000000;\">\u00a1NO ESPERES HASTA EL \u00daLTIMO MINUTO!<\/span><\/strong><\/p><p><span style=\"color: #000000;\">Reserva con tiempo y consigue hasta un 10% de descuento en tu curso de tripulante de cabina<\/span><\/p><p><strong><span style=\"color: #ae861f;\">01 ENERO 2025 &#8211; 31 DICIEMBRE 2025<\/span><\/strong><\/p>\t\t\t\t\t\t\t\t<\/div>\n\t\t\t\t<\/div>\n\t\t<div class=\"elementor-element elementor-element-63601e4 e-con-full e-flex e-con e-child\" data-id=\"63601e4\" data-element_type=\"container\" data-e-type=\"container\">\n\t\t\t\t<div class=\"elementor-element elementor-element-136efbc elementor-tablet-align-left elementor-widget elementor-widget-button\" data-id=\"136efbc\" data-element_type=\"widget\" data-e-type=\"widget\" data-widget_type=\"button.default\">\n\t\t\t\t<div class=\"elementor-widget-container\">\n\t\t\t\t\t\t\t\t\t<div class=\"elementor-button-wrapper\">\n\t\t\t\t\t<a class=\"elementor-button elementor-button-link elementor-size-sm\" href=\"https:\/\/globaltrainingaviation.com\/es\/oferta-por-reserva-anticipada-curso-auxiliar-de-vuelo\/\">\n\t\t\t\t\t\t<span class=\"elementor-button-content-wrapper\">\n\t\t\t\t\t\t\t\t\t<span class=\"elementor-button-text\">LEER M\u00c1S<\/span>\n\t\t\t\t\t<\/span>\n\t\t\t\t\t<\/a>\n\t\t\t\t<\/div>\n\t\t\t\t\t\t\t\t<\/div>\n\t\t\t\t<\/div>\n\t\t\t\t<\/div>\n\t\t\t\t<\/div>\n\t\t<div class=\"elementor-element elementor-element-fb4c811 e-con-full e-flex elementor-invisible e-con e-child\" data-id=\"fb4c811\" data-element_type=\"container\" data-e-type=\"container\" data-settings=\"{&quot;animation&quot;:&quot;fadeInUp&quot;}\">\n\t\t\t\t<div class=\"elementor-element elementor-element-9faca4e elementor-widget elementor-widget-image\" data-id=\"9faca4e\" data-element_type=\"widget\" data-e-type=\"widget\" data-widget_type=\"image.default\">\n\t\t\t\t<div class=\"elementor-widget-container\">\n\t\t\t\t\t\t\t\t\t\t\t\t\t\t\t<img loading=\"lazy\" decoding=\"async\" width=\"2560\" height=\"1769\" src=\"https:\/\/globaltrainingaviation.com\/wp-content\/uploads\/2021\/06\/CEET-scaled.jpg\" class=\"attachment-full size-full wp-image-13131\" alt=\"GTA Oferta Curso Auxiliar de Vuelo por conocer nuestras instalaciones\" srcset=\"https:\/\/globaltrainingaviation.com\/wp-content\/uploads\/2021\/06\/CEET-scaled.jpg 2560w, https:\/\/globaltrainingaviation.com\/wp-content\/uploads\/2021\/06\/CEET-300x207.jpg 300w, https:\/\/globaltrainingaviation.com\/wp-content\/uploads\/2021\/06\/CEET-1024x708.jpg 1024w, https:\/\/globaltrainingaviation.com\/wp-content\/uploads\/2021\/06\/CEET-768x531.jpg 768w, https:\/\/globaltrainingaviation.com\/wp-content\/uploads\/2021\/06\/CEET-1536x1062.jpg 1536w, https:\/\/globaltrainingaviation.com\/wp-content\/uploads\/2021\/06\/CEET-2048x1416.jpg 2048w\" sizes=\"(max-width: 2560px) 100vw, 2560px\" \/>\t\t\t\t\t\t\t\t\t\t\t\t\t\t\t<\/div>\n\t\t\t\t<\/div>\n\t\t\t\t<div class=\"elementor-element elementor-element-71c99e2 elementor-widget elementor-widget-text-editor\" data-id=\"71c99e2\" data-element_type=\"widget\" data-e-type=\"widget\" data-widget_type=\"text-editor.default\">\n\t\t\t\t<div class=\"elementor-widget-container\">\n\t\t\t\t\t\t\t\t\t<p><strong>OFERTA POR CONOCER NUESTRAS INSTALACIONES<\/strong><\/p><p>Se aplicar\u00e1n 50\u20ac de descuento en tu curso de azafata de vuelo<\/p><p><strong><span style=\"color: #ae861f;\">01 ENERO 2025 &#8211; 31 DICIEMBRE 2025<\/span><\/strong><\/p>\t\t\t\t\t\t\t\t<\/div>\n\t\t\t\t<\/div>\n\t\t\t\t<div class=\"elementor-element elementor-element-4159e75 elementor-widget elementor-widget-button\" data-id=\"4159e75\" data-element_type=\"widget\" data-e-type=\"widget\" data-widget_type=\"button.default\">\n\t\t\t\t<div class=\"elementor-widget-container\">\n\t\t\t\t\t\t\t\t\t<div class=\"elementor-button-wrapper\">\n\t\t\t\t\t<a class=\"elementor-button elementor-button-link elementor-size-sm\" href=\"https:\/\/globaltrainingaviation.com\/es\/oferta-curso-auxiliar-de-vuelo-por-conocer-nuestras-instalaciones\/\">\n\t\t\t\t\t\t<span class=\"elementor-button-content-wrapper\">\n\t\t\t\t\t\t\t\t\t<span class=\"elementor-button-text\">LEER M\u00c1S<\/span>\n\t\t\t\t\t<\/span>\n\t\t\t\t\t<\/a>\n\t\t\t\t<\/div>\n\t\t\t\t\t\t\t\t<\/div>\n\t\t\t\t<\/div>\n\t\t\t\t<\/div>\n\t\t\t\t<\/div>\n\t\t<div class=\"elementor-element elementor-element-bfb462e e-con-full e-flex e-con e-parent\" data-id=\"bfb462e\" data-element_type=\"container\" data-e-type=\"container\" data-settings=\"{&quot;animation&quot;:&quot;none&quot;}\">\n\t\t<div class=\"elementor-element elementor-element-a764e31 e-con-full e-flex elementor-invisible e-con e-child\" data-id=\"a764e31\" data-element_type=\"container\" data-e-type=\"container\" data-settings=\"{&quot;animation&quot;:&quot;fadeInUp&quot;}\">\n\t\t\t\t<div class=\"elementor-element elementor-element-c1d1f7b elementor-widget elementor-widget-image\" data-id=\"c1d1f7b\" data-element_type=\"widget\" data-e-type=\"widget\" data-widget_type=\"image.default\">\n\t\t\t\t<div class=\"elementor-widget-container\">\n\t\t\t\t\t\t\t\t\t\t\t\t\t\t\t<img loading=\"lazy\" decoding=\"async\" width=\"2592\" height=\"1730\" src=\"https:\/\/globaltrainingaviation.com\/wp-content\/uploads\/2025\/01\/crew_hero-1-e1761743939160.png\" class=\"attachment-full size-full wp-image-15850\" alt=\"\" \/>\t\t\t\t\t\t\t\t\t\t\t\t\t\t\t<\/div>\n\t\t\t\t<\/div>\n\t\t\t\t<div class=\"elementor-element elementor-element-fb79f93 elementor-widget elementor-widget-text-editor\" data-id=\"fb79f93\" data-element_type=\"widget\" data-e-type=\"widget\" data-widget_type=\"text-editor.default\">\n\t\t\t\t<div class=\"elementor-widget-container\">\n\t\t\t\t\t\t\t\t\t<p><strong><span style=\"color: #000000;\">OFERTA POR TRAER A UN AMIGO<\/span><\/strong><\/p><p><span style=\"color: #000000;\">Se aplicar\u00e1n 150\u20ac de descuento en tu curso de auxiliar de vuelo y en el de la persona que traigas<\/span><\/p><p><strong><span style=\"color: #ae861f;\">01 ENERO 2025 &#8211; 31 DICIEMBRE 2025<\/span><\/strong><\/p>\t\t\t\t\t\t\t\t<\/div>\n\t\t\t\t<\/div>\n\t\t<div class=\"elementor-element elementor-element-4b70f0e e-con-full e-flex e-con e-child\" data-id=\"4b70f0e\" data-element_type=\"container\" data-e-type=\"container\">\n\t\t\t\t<div class=\"elementor-element elementor-element-681381b elementor-tablet-align-left elementor-widget elementor-widget-button\" data-id=\"681381b\" data-element_type=\"widget\" data-e-type=\"widget\" data-widget_type=\"button.default\">\n\t\t\t\t<div class=\"elementor-widget-container\">\n\t\t\t\t\t\t\t\t\t<div class=\"elementor-button-wrapper\">\n\t\t\t\t\t<a class=\"elementor-button elementor-button-link elementor-size-sm\" href=\"https:\/\/globaltrainingaviation.com\/es\/oferta-curso-auxiliar-de-vuelo-por-traer-a-un-amigo\/\">\n\t\t\t\t\t\t<span class=\"elementor-button-content-wrapper\">\n\t\t\t\t\t\t\t\t\t<span class=\"elementor-button-text\">LEER M\u00c1S<\/span>\n\t\t\t\t\t<\/span>\n\t\t\t\t\t<\/a>\n\t\t\t\t<\/div>\n\t\t\t\t\t\t\t\t<\/div>\n\t\t\t\t<\/div>\n\t\t\t\t<\/div>\n\t\t\t\t<\/div>\n\t\t<div class=\"elementor-element elementor-element-fd2d1db e-con-full e-flex elementor-invisible e-con e-child\" data-id=\"fd2d1db\" data-element_type=\"container\" data-e-type=\"container\" data-settings=\"{&quot;animation&quot;:&quot;fadeInUp&quot;}\">\n\t\t\t\t<div class=\"elementor-element elementor-element-14f8730 elementor-widget elementor-widget-image\" data-id=\"14f8730\" data-element_type=\"widget\" data-e-type=\"widget\" data-widget_type=\"image.default\">\n\t\t\t\t<div class=\"elementor-widget-container\">\n\t\t\t\t\t\t\t\t\t\t\t\t\t\t\t<img loading=\"lazy\" decoding=\"async\" width=\"1728\" height=\"1160\" src=\"https:\/\/globaltrainingaviation.com\/wp-content\/uploads\/2025\/03\/AdobeStock_297621512-1-2.png\" class=\"attachment-full size-full wp-image-17906\" alt=\"Azafatas de vuelo en uniforme azul posando frente a un avi\u00f3n comercial\" srcset=\"https:\/\/globaltrainingaviation.com\/wp-content\/uploads\/2025\/03\/AdobeStock_297621512-1-2.png 1728w, https:\/\/globaltrainingaviation.com\/wp-content\/uploads\/2025\/03\/AdobeStock_297621512-1-2-300x201.png 300w, https:\/\/globaltrainingaviation.com\/wp-content\/uploads\/2025\/03\/AdobeStock_297621512-1-2-1024x687.png 1024w, https:\/\/globaltrainingaviation.com\/wp-content\/uploads\/2025\/03\/AdobeStock_297621512-1-2-768x516.png 768w, https:\/\/globaltrainingaviation.com\/wp-content\/uploads\/2025\/03\/AdobeStock_297621512-1-2-1536x1031.png 1536w\" sizes=\"(max-width: 1728px) 100vw, 1728px\" \/>\t\t\t\t\t\t\t\t\t\t\t\t\t\t\t<\/div>\n\t\t\t\t<\/div>\n\t\t\t\t<div class=\"elementor-element elementor-element-903818f elementor-widget elementor-widget-text-editor\" data-id=\"903818f\" data-element_type=\"widget\" data-e-type=\"widget\" data-widget_type=\"text-editor.default\">\n\t\t\t\t<div class=\"elementor-widget-container\">\n\t\t\t\t\t\t\t\t\t<p><strong>RESERVA ONLINE<\/strong><\/p><p>Reserva tu curso de Tripulaci\u00f3n de Cabina online y obt\u00e9n un 10% de descuento en el curso. Asegura tu lugar por solo 200\u20ac<\/p><p><span style=\"color: #ad8f10;\"><strong>OFERTA LIMITADA<\/strong><\/span><\/p>\t\t\t\t\t\t\t\t<\/div>\n\t\t\t\t<\/div>\n\t\t\t\t<div class=\"elementor-element elementor-element-de5760b elementor-widget elementor-widget-button\" data-id=\"de5760b\" data-element_type=\"widget\" data-e-type=\"widget\" data-widget_type=\"button.default\">\n\t\t\t\t<div class=\"elementor-widget-container\">\n\t\t\t\t\t\t\t\t\t<div class=\"elementor-button-wrapper\">\n\t\t\t\t\t<a class=\"elementor-button elementor-button-link elementor-size-sm\" href=\"https:\/\/globaltrainingaviation.com\/es\/cabin-crew-reserva-thank-you-page\/\">\n\t\t\t\t\t\t<span class=\"elementor-button-content-wrapper\">\n\t\t\t\t\t\t\t\t\t<span class=\"elementor-button-text\">LEER M\u00c1S<\/span>\n\t\t\t\t\t<\/span>\n\t\t\t\t\t<\/a>\n\t\t\t\t<\/div>\n\t\t\t\t\t\t\t\t<\/div>\n\t\t\t\t<\/div>\n\t\t\t\t<\/div>\n\t\t\t\t<\/div>\n\t\t<div class=\"elementor-element elementor-element-6b3c1b5 e-con-full e-flex e-con e-parent\" data-id=\"6b3c1b5\" data-element_type=\"container\" data-e-type=\"container\" data-settings=\"{&quot;animation&quot;:&quot;none&quot;}\">\n\t\t<div class=\"elementor-element elementor-element-7370924 e-con-full e-flex elementor-invisible e-con e-child\" data-id=\"7370924\" data-element_type=\"container\" data-e-type=\"container\" data-settings=\"{&quot;animation&quot;:&quot;fadeInUp&quot;}\">\n\t\t\t\t<div class=\"elementor-element elementor-element-62b26cf elementor-widget elementor-widget-image\" data-id=\"62b26cf\" data-element_type=\"widget\" data-e-type=\"widget\" data-widget_type=\"image.default\">\n\t\t\t\t<div class=\"elementor-widget-container\">\n\t\t\t\t\t\t\t\t\t\t\t\t\t\t\t<img loading=\"lazy\" decoding=\"async\" width=\"1728\" height=\"1160\" src=\"https:\/\/globaltrainingaviation.com\/wp-content\/uploads\/2024\/09\/offersheader.png\" class=\"attachment-full size-full wp-image-9968\" alt=\"\" srcset=\"https:\/\/globaltrainingaviation.com\/wp-content\/uploads\/2024\/09\/offersheader.png 1728w, https:\/\/globaltrainingaviation.com\/wp-content\/uploads\/2024\/09\/offersheader-300x201.png 300w, https:\/\/globaltrainingaviation.com\/wp-content\/uploads\/2024\/09\/offersheader-1024x687.png 1024w, https:\/\/globaltrainingaviation.com\/wp-content\/uploads\/2024\/09\/offersheader-768x516.png 768w, https:\/\/globaltrainingaviation.com\/wp-content\/uploads\/2024\/09\/offersheader-1536x1031.png 1536w\" sizes=\"(max-width: 1728px) 100vw, 1728px\" \/>\t\t\t\t\t\t\t\t\t\t\t\t\t\t\t<\/div>\n\t\t\t\t<\/div>\n\t\t<div class=\"elementor-element elementor-element-5e5da98 e-con-full e-flex e-con e-child\" data-id=\"5e5da98\" data-element_type=\"container\" data-e-type=\"container\">\n\t\t\t\t<div class=\"elementor-element elementor-element-fd6140b elementor-tablet-align-left elementor-widget elementor-widget-button\" data-id=\"fd6140b\" data-element_type=\"widget\" data-e-type=\"widget\" data-widget_type=\"button.default\">\n\t\t\t\t<div class=\"elementor-widget-container\">\n\t\t\t\t\t\t\t\t\t<div class=\"elementor-button-wrapper\">\n\t\t\t\t\t<a class=\"elementor-button elementor-button-link elementor-size-sm\" href=\"https:\/\/globaltrainingaviation.com\/es\/oferta-a320-colombia\/\">\n\t\t\t\t\t\t<span class=\"elementor-button-content-wrapper\">\n\t\t\t\t\t\t\t\t\t<span class=\"elementor-button-text\">LEER M\u00c1S<\/span>\n\t\t\t\t\t<\/span>\n\t\t\t\t\t<\/a>\n\t\t\t\t<\/div>\n\t\t\t\t\t\t\t\t<\/div>\n\t\t\t\t<\/div>\n\t\t\t\t<\/div>\n\t\t\t\t<div class=\"elementor-element elementor-element-f9a39dd elementor-widget elementor-widget-text-editor\" data-id=\"f9a39dd\" data-element_type=\"widget\" data-e-type=\"widget\" data-widget_type=\"text-editor.default\">\n\t\t\t\t<div class=\"elementor-widget-container\">\n\t\t\t\t\t\t\t\t\t<p><span style=\"color: #000000;\"><strong>OFERTA DE CURSO DE HABILITACI\u00d3N DE TIPO A320 EN COLOMBIA<\/strong><\/span><\/p><p><span style=\"color: #000000;\">Ahora por 13,750 USD, incluyendo 16 horas adicionales de entrenamiento en nuestro simulador VPT<\/span><\/p><p><span style=\"color: #ad8f10;\"><strong>HASTA EL 31 DE MAYO DE 2025<\/strong><\/span><\/p>\t\t\t\t\t\t\t\t<\/div>\n\t\t\t\t<\/div>\n\t\t\t\t<\/div>\n\t\t<div class=\"elementor-element elementor-element-3c19c53 e-con-full elementor-hidden-widescreen elementor-hidden-desktop elementor-hidden-laptop elementor-hidden-tablet elementor-hidden-mobile e-flex elementor-invisible e-con e-child\" data-id=\"3c19c53\" data-element_type=\"container\" data-e-type=\"container\" data-settings=\"{&quot;animation&quot;:&quot;fadeInUp&quot;}\">\n\t\t\t\t<div class=\"elementor-element elementor-element-5d03093 elementor-widget elementor-widget-image\" data-id=\"5d03093\" data-element_type=\"widget\" data-e-type=\"widget\" data-widget_type=\"image.default\">\n\t\t\t\t<div class=\"elementor-widget-container\">\n\t\t\t\t\t\t\t\t\t\t\t\t\t\t\t<img loading=\"lazy\" decoding=\"async\" width=\"1728\" height=\"1160\" src=\"https:\/\/globaltrainingaviation.com\/wp-content\/uploads\/2025\/03\/AdobeStock_297621512-1-2.png\" class=\"attachment-full size-full wp-image-17906\" alt=\"Azafatas de vuelo en uniforme azul posando frente a un avi\u00f3n comercial\" srcset=\"https:\/\/globaltrainingaviation.com\/wp-content\/uploads\/2025\/03\/AdobeStock_297621512-1-2.png 1728w, https:\/\/globaltrainingaviation.com\/wp-content\/uploads\/2025\/03\/AdobeStock_297621512-1-2-300x201.png 300w, https:\/\/globaltrainingaviation.com\/wp-content\/uploads\/2025\/03\/AdobeStock_297621512-1-2-1024x687.png 1024w, https:\/\/globaltrainingaviation.com\/wp-content\/uploads\/2025\/03\/AdobeStock_297621512-1-2-768x516.png 768w, https:\/\/globaltrainingaviation.com\/wp-content\/uploads\/2025\/03\/AdobeStock_297621512-1-2-1536x1031.png 1536w\" sizes=\"(max-width: 1728px) 100vw, 1728px\" \/>\t\t\t\t\t\t\t\t\t\t\t\t\t\t\t<\/div>\n\t\t\t\t<\/div>\n\t\t\t\t<div class=\"elementor-element elementor-element-fcae2b3 elementor-widget elementor-widget-text-editor\" data-id=\"fcae2b3\" data-element_type=\"widget\" data-e-type=\"widget\" data-widget_type=\"text-editor.default\">\n\t\t\t\t<div class=\"elementor-widget-container\">\n\t\t\t\t\t\t\t\t\t<p><strong>RESERVA ONLINE<\/strong><\/p><p>Reserva tu curso de Tripulaci\u00f3n de Cabina online y obt\u00e9n un 10% de descuento en el curso. Asegura tu lugar por solo 200\u20ac<\/p><p><span style=\"color: #ad8f10;\"><strong>OFERTA LIMITADA<\/strong><\/span><\/p>\t\t\t\t\t\t\t\t<\/div>\n\t\t\t\t<\/div>\n\t\t\t\t<div class=\"elementor-element elementor-element-f50276a elementor-widget elementor-widget-button\" data-id=\"f50276a\" data-element_type=\"widget\" data-e-type=\"widget\" data-widget_type=\"button.default\">\n\t\t\t\t<div class=\"elementor-widget-container\">\n\t\t\t\t\t\t\t\t\t<div class=\"elementor-button-wrapper\">\n\t\t\t\t\t<a class=\"elementor-button elementor-button-link elementor-size-sm\" href=\"https:\/\/globaltrainingaviation.com\/es\/cabin-crew-reserva-thank-you-page\/\">\n\t\t\t\t\t\t<span class=\"elementor-button-content-wrapper\">\n\t\t\t\t\t\t\t\t\t<span class=\"elementor-button-text\">LEER M\u00c1S<\/span>\n\t\t\t\t\t<\/span>\n\t\t\t\t\t<\/a>\n\t\t\t\t<\/div>\n\t\t\t\t\t\t\t\t<\/div>\n\t\t\t\t<\/div>\n\t\t\t\t<\/div>\n\t\t\t\t<\/div>\n\t\t\t\t<\/div>\n\t\t","protected":false},"excerpt":{"rendered":"<p>Ofertas OFERTA ANTICIPADA \u00a1No esperes hasta el \u00faltimo minuto! 01 MARZO 2023 &#8211; 31 DICIEMBRE 2024 LEER M\u00c1S Curso de habilitaci\u00f3n de tipo A320 JIT+ desde 14.990\u20ac. Para los titulares de una licencia de la DGAC India 29 FEBRERO 2024 &#8211; 31 MARZO 2024 LEER M\u00c1S \u00a1NO ESPERES HASTA EL \u00daLTIMO MINUTO! Reserva con tiempo [&hellip;]<\/p>\n","protected":false},"author":1,"featured_media":0,"parent":0,"menu_order":0,"comment_status":"closed","ping_status":"closed","template":"elementor_header_footer","meta":{"om_disable_all_campaigns":false,"_uf_show_specific_survey":0,"_uf_disable_surveys":false,"footnotes":""},"categories":[],"tags":[],"class_list":["post-10216","page","type-page","status-publish","hentry"],"aioseo_notices":[],"_links":{"self":[{"href":"https:\/\/globaltrainingaviation.com\/es\/wp-json\/wp\/v2\/pages\/10216","targetHints":{"allow":["GET"]}}],"collection":[{"href":"https:\/\/globaltrainingaviation.com\/es\/wp-json\/wp\/v2\/pages"}],"about":[{"href":"https:\/\/globaltrainingaviation.com\/es\/wp-json\/wp\/v2\/types\/page"}],"author":[{"embeddable":true,"href":"https:\/\/globaltrainingaviation.com\/es\/wp-json\/wp\/v2\/users\/1"}],"replies":[{"embeddable":true,"href":"https:\/\/globaltrainingaviation.com\/es\/wp-json\/wp\/v2\/comments?post=10216"}],"version-history":[{"count":41,"href":"https:\/\/globaltrainingaviation.com\/es\/wp-json\/wp\/v2\/pages\/10216\/revisions"}],"predecessor-version":[{"id":21579,"href":"https:\/\/globaltrainingaviation.com\/es\/wp-json\/wp\/v2\/pages\/10216\/revisions\/21579"}],"wp:attachment":[{"href":"https:\/\/globaltrainingaviation.com\/es\/wp-json\/wp\/v2\/media?parent=10216"}],"wp:term":[{"taxonomy":"category","embeddable":true,"href":"https:\/\/globaltrainingaviation.com\/es\/wp-json\/wp\/v2\/categories?post=10216"},{"taxonomy":"post_tag","embeddable":true,"href":"https:\/\/globaltrainingaviation.com\/es\/wp-json\/wp\/v2\/tags?post=10216"}],"curies":[{"name":"wp","href":"https:\/\/api.w.org\/{rel}","templated":true}]}}