{"id":10215,"date":"2024-09-19T14:08:12","date_gmt":"2024-09-19T12:08:12","guid":{"rendered":"https:\/\/globaltrainingaviation.com\/policia-de-privacidad\/"},"modified":"2026-03-23T13:16:47","modified_gmt":"2026-03-23T12:16:47","slug":"policia-de-privacidad","status":"publish","type":"page","link":"https:\/\/globaltrainingaviation.com\/es\/policia-de-privacidad\/","title":{"rendered":"Polic\u00eda de privacidad"},"content":{"rendered":"\t\t<div data-elementor-type=\"wp-page\" data-elementor-id=\"10215\" class=\"elementor elementor-10215 elementor-5495\" wpc-filter-elementor-widget=\"1\" data-elementor-post-type=\"page\">\n\t\t\t\t<div class=\"elementor-element elementor-element-90dcf2b e-con-full e-flex e-con e-parent\" data-id=\"90dcf2b\" data-element_type=\"container\" data-e-type=\"container\" data-settings=\"{&quot;background_background&quot;:&quot;classic&quot;}\">\n\t\t<div class=\"elementor-element elementor-element-dad2aeb e-con-full e-flex e-con e-child\" data-id=\"dad2aeb\" data-element_type=\"container\" data-e-type=\"container\">\n\t\t<div class=\"elementor-element elementor-element-0d66e26 e-con-full e-flex e-con e-child\" data-id=\"0d66e26\" data-element_type=\"container\" data-e-type=\"container\">\n\t\t\t\t<div class=\"elementor-element elementor-element-83c4039 elementor-widget-mobile__width-initial elementor-widget elementor-widget-heading\" data-id=\"83c4039\" data-element_type=\"widget\" data-e-type=\"widget\" data-widget_type=\"heading.default\">\n\t\t\t\t<div class=\"elementor-widget-container\">\n\t\t\t\t\t<h1 class=\"elementor-heading-title elementor-size-default\">Pol\u00edtica de privacidad<\/h1>\t\t\t\t<\/div>\n\t\t\t\t<\/div>\n\t\t\t\t<\/div>\n\t\t<div class=\"elementor-element elementor-element-5684c7d e-con-full elementor-hidden-mobile e-flex e-con e-child\" data-id=\"5684c7d\" data-element_type=\"container\" data-e-type=\"container\">\n\t\t\t\t<\/div>\n\t\t\t\t<\/div>\n\t\t\t\t<\/div>\n\t\t<div class=\"elementor-element elementor-element-78250e2 e-con-full e-flex e-con e-parent\" data-id=\"78250e2\" data-element_type=\"container\" data-e-type=\"container\">\n\t\t<div class=\"elementor-element elementor-element-e14834b e-con-full e-flex e-con e-child\" data-id=\"e14834b\" data-element_type=\"container\" data-e-type=\"container\">\n\t\t\t\t<div class=\"elementor-element elementor-element-6dadf27 elementor-widget elementor-widget-text-editor\" data-id=\"6dadf27\" data-element_type=\"widget\" data-e-type=\"widget\" data-widget_type=\"text-editor.default\">\n\t\t\t\t<div class=\"elementor-widget-container\">\n\t\t\t\t\t\t\t\t\t<p><style>\na {\n    text-decoration: none;\n    color: #464feb;\n}\ntr th, tr td {\n    border: 1px solid #e6e6e6;\n}\ntr th {\n    background-color: #f5f5f5;\n}\n<\/style><\/p><p>Al confirmar mi reserva, <strong>doy mi consentimiento expl\u00edcito<\/strong> para la recopilaci\u00f3n y el tratamiento de mis datos personales para los siguientes fines:<\/p><ul><li>Enviar comunicaciones esenciales, incluidas confirmaciones, instrucciones, actualizaciones y notificaciones estrictamente relacionadas con mi solicitud.<\/li><li>Recibir promociones, ofertas o actualizaciones de productos\/servicios <strong>relevantes<\/strong> que puedan ser de inter\u00e9s leg\u00edtimo seg\u00fan mis preferencias de reserva o de servicio.<\/li><li>Mejorar la calidad del servicio, incluido el posible uso de informaci\u00f3n anonimizada para an\u00e1lisis internos, mejoras en la experiencia del cliente y optimizaci\u00f3n operativa.<\/li><li>Almacenar y procesar mis datos de manera segura, cumpliendo con los est\u00e1ndares de privacidad aplicables y solo durante el tiempo razonablemente necesario para los fines anteriormente indicados.<\/li><\/ul>\t\t\t\t\t\t\t\t<\/div>\n\t\t\t\t<\/div>\n\t\t\t\t<\/div>\n\t\t<div class=\"elementor-element elementor-element-db68eba e-con-full e-flex e-con e-child\" data-id=\"db68eba\" data-element_type=\"container\" data-e-type=\"container\">\n\t\t\t\t<div class=\"elementor-element elementor-element-1ab62f9 elementor-widget elementor-widget-text-editor\" data-id=\"1ab62f9\" data-element_type=\"widget\" data-e-type=\"widget\" data-widget_type=\"text-editor.default\">\n\t\t\t\t<div class=\"elementor-widget-container\">\n\t\t\t\t\t\t\t\t\t<p><style>\na {\n    text-decoration: none;\n    color: #464feb;\n}\ntr th, tr td {\n    border: 1px solid #e6e6e6;\n}\ntr th {\n    background-color: #f5f5f5;\n}\n<\/style>Tambi\u00e9n reconozco que:<\/p><p><br \/>\u2022 Puedo optar por dejar de recibir mensajes promocionales, ofertas o informaci\u00f3n sobre otros cursos o productos relacionados en cualquier momento, sin que ello afecte a la gesti\u00f3n o validez de mi reserva.<\/p>\t\t\t\t\t\t\t\t<\/div>\n\t\t\t\t<\/div>\n\t\t\t\t<\/div>\n\t\t\t\t<\/div>\n\t\t\t\t<\/div>\n\t\t","protected":false},"excerpt":{"rendered":"<p>Pol\u00edtica de privacidad Al confirmar mi reserva, doy mi consentimiento expl\u00edcito para la recopilaci\u00f3n y el tratamiento de mis datos personales para los siguientes fines: Enviar comunicaciones esenciales, incluidas confirmaciones, instrucciones, actualizaciones y notificaciones estrictamente relacionadas con mi solicitud. Recibir promociones, ofertas o actualizaciones de productos\/servicios relevantes que puedan ser de inter\u00e9s leg\u00edtimo seg\u00fan mis [&hellip;]<\/p>\n","protected":false},"author":1,"featured_media":0,"parent":0,"menu_order":0,"comment_status":"closed","ping_status":"closed","template":"elementor_header_footer","meta":{"om_disable_all_campaigns":false,"_uf_show_specific_survey":0,"_uf_disable_surveys":false,"footnotes":""},"categories":[],"tags":[],"class_list":["post-10215","page","type-page","status-publish","hentry"],"aioseo_notices":[],"_links":{"self":[{"href":"https:\/\/globaltrainingaviation.com\/es\/wp-json\/wp\/v2\/pages\/10215","targetHints":{"allow":["GET"]}}],"collection":[{"href":"https:\/\/globaltrainingaviation.com\/es\/wp-json\/wp\/v2\/pages"}],"about":[{"href":"https:\/\/globaltrainingaviation.com\/es\/wp-json\/wp\/v2\/types\/page"}],"author":[{"embeddable":true,"href":"https:\/\/globaltrainingaviation.com\/es\/wp-json\/wp\/v2\/users\/1"}],"replies":[{"embeddable":true,"href":"https:\/\/globaltrainingaviation.com\/es\/wp-json\/wp\/v2\/comments?post=10215"}],"version-history":[{"count":6,"href":"https:\/\/globaltrainingaviation.com\/es\/wp-json\/wp\/v2\/pages\/10215\/revisions"}],"predecessor-version":[{"id":28599,"href":"https:\/\/globaltrainingaviation.com\/es\/wp-json\/wp\/v2\/pages\/10215\/revisions\/28599"}],"wp:attachment":[{"href":"https:\/\/globaltrainingaviation.com\/es\/wp-json\/wp\/v2\/media?parent=10215"}],"wp:term":[{"taxonomy":"category","embeddable":true,"href":"https:\/\/globaltrainingaviation.com\/es\/wp-json\/wp\/v2\/categories?post=10215"},{"taxonomy":"post_tag","embeddable":true,"href":"https:\/\/globaltrainingaviation.com\/es\/wp-json\/wp\/v2\/tags?post=10215"}],"curies":[{"name":"wp","href":"https:\/\/api.w.org\/{rel}","templated":true}]}}