{"id":10212,"date":"2024-09-20T18:16:25","date_gmt":"2024-09-20T16:16:25","guid":{"rendered":"https:\/\/globaltrainingaviation.com\/blog-y-noticias\/"},"modified":"2026-03-05T11:44:58","modified_gmt":"2026-03-05T10:44:58","slug":"blog-y-noticias","status":"publish","type":"page","link":"https:\/\/globaltrainingaviation.com\/es\/blog-y-noticias\/","title":{"rendered":"Blog y Noticias"},"content":{"rendered":"\t\t<div data-elementor-type=\"wp-page\" data-elementor-id=\"10212\" class=\"elementor elementor-10212 elementor-5844\" data-elementor-post-type=\"page\">\n\t\t\t\t<div class=\"elementor-element elementor-element-3a33b70 e-con-full e-flex e-con e-parent\" data-id=\"3a33b70\" data-element_type=\"container\" data-settings=\"{&quot;background_background&quot;:&quot;classic&quot;}\">\n\t\t<div class=\"elementor-element elementor-element-4ecdd85 e-con-full e-flex e-con e-child\" data-id=\"4ecdd85\" data-element_type=\"container\">\n\t\t<div class=\"elementor-element elementor-element-059c06e e-con-full e-flex e-con e-child\" data-id=\"059c06e\" data-element_type=\"container\">\n\t\t<div class=\"elementor-element elementor-element-c517431 e-con-full e-flex e-con e-child\" data-id=\"c517431\" data-element_type=\"container\">\n\t\t\t\t<div class=\"elementor-element elementor-element-8b82049 elementor-widget__width-initial elementor-invisible elementor-widget elementor-widget-heading\" data-id=\"8b82049\" data-element_type=\"widget\" data-settings=\"{&quot;_animation&quot;:&quot;fadeInUp&quot;}\" data-widget_type=\"heading.default\">\n\t\t\t\t<div class=\"elementor-widget-container\">\n\t\t\t\t\t<h1 class=\"elementor-heading-title elementor-size-default\">Noticias y Blog de Aviaci\u00f3n - Actualidad y Tendencias<\/h1>\t\t\t\t<\/div>\n\t\t\t\t<\/div>\n\t\t\t\t<\/div>\n\t\t\t\t<\/div>\n\t\t<div class=\"elementor-element elementor-element-8d02074 e-con-full elementor-hidden-mobile e-flex e-con e-child\" data-id=\"8d02074\" data-element_type=\"container\">\n\t\t\t\t<\/div>\n\t\t\t\t<\/div>\n\t\t\t\t<\/div>\n\t\t<div class=\"elementor-element elementor-element-3ea3a9b e-con-full e-flex e-con e-parent\" data-id=\"3ea3a9b\" data-element_type=\"container\" data-settings=\"{&quot;animation&quot;:&quot;none&quot;}\">\n\t\t\t\t<div class=\"elementor-element elementor-element-0eef732 elementor-grid-3 elementor-grid-tablet-2 elementor-grid-mobile-1 elementor-posts--thumbnail-top elementor-card-shadow-yes elementor-posts__hover-gradient elementor-widget elementor-widget-posts\" data-id=\"0eef732\" data-element_type=\"widget\" data-settings=\"{&quot;pagination_type&quot;:&quot;numbers_and_prev_next&quot;,&quot;cards_columns&quot;:&quot;3&quot;,&quot;cards_columns_tablet&quot;:&quot;2&quot;,&quot;cards_columns_mobile&quot;:&quot;1&quot;,&quot;cards_row_gap&quot;:{&quot;unit&quot;:&quot;px&quot;,&quot;size&quot;:35,&quot;sizes&quot;:[]},&quot;cards_row_gap_widescreen&quot;:{&quot;unit&quot;:&quot;px&quot;,&quot;size&quot;:&quot;&quot;,&quot;sizes&quot;:[]},&quot;cards_row_gap_laptop&quot;:{&quot;unit&quot;:&quot;px&quot;,&quot;size&quot;:&quot;&quot;,&quot;sizes&quot;:[]},&quot;cards_row_gap_tablet&quot;:{&quot;unit&quot;:&quot;px&quot;,&quot;size&quot;:&quot;&quot;,&quot;sizes&quot;:[]},&quot;cards_row_gap_mobile&quot;:{&quot;unit&quot;:&quot;px&quot;,&quot;size&quot;:&quot;&quot;,&quot;sizes&quot;:[]}}\" data-widget_type=\"posts.cards\">\n\t\t\t\t<div class=\"elementor-widget-container\">\n\t\t\t\t\t\t\t<div class=\"elementor-posts-container elementor-posts elementor-posts--skin-cards elementor-grid\" role=\"list\">\n\t\t\t\t<article class=\"elementor-post elementor-grid-item post-24141 post type-post status-publish format-standard has-post-thumbnail hentry category-sin-categorizar\" role=\"listitem\">\n\t\t\t<div class=\"elementor-post__card\">\n\t\t\t\t<a class=\"elementor-post__thumbnail__link\" href=\"https:\/\/globaltrainingaviation.com\/es\/que-simulador-de-vuelo-usan-los-pilotos\/\" tabindex=\"-1\" target=\"_blank\"><div class=\"elementor-post__thumbnail\"><img fetchpriority=\"high\" decoding=\"async\" width=\"800\" height=\"532\" src=\"https:\/\/globaltrainingaviation.com\/wp-content\/uploads\/2025\/10\/5-GTA-000_7777-1-1024x681.jpg\" class=\"attachment-large size-large wp-image-25792\" alt=\"\" srcset=\"https:\/\/globaltrainingaviation.com\/wp-content\/uploads\/2025\/10\/5-GTA-000_7777-1-1024x681.jpg 1024w, https:\/\/globaltrainingaviation.com\/wp-content\/uploads\/2025\/10\/5-GTA-000_7777-1-300x200.jpg 300w, https:\/\/globaltrainingaviation.com\/wp-content\/uploads\/2025\/10\/5-GTA-000_7777-1-768x511.jpg 768w, https:\/\/globaltrainingaviation.com\/wp-content\/uploads\/2025\/10\/5-GTA-000_7777-1-1536x1022.jpg 1536w, https:\/\/globaltrainingaviation.com\/wp-content\/uploads\/2025\/10\/5-GTA-000_7777-1-2048x1363.jpg 2048w\" sizes=\"(max-width: 800px) 100vw, 800px\" \/><\/div><\/a>\n\t\t\t\t<div class=\"elementor-post__text\">\n\t\t\t\t<h3 class=\"elementor-post__title\">\n\t\t\t<a href=\"https:\/\/globaltrainingaviation.com\/es\/que-simulador-de-vuelo-usan-los-pilotos\/\" target=&quot;_blank&quot;>\n\t\t\t\t\u00bfQu\u00e9 simulador de vuelo usan los pilotos?\t\t\t<\/a>\n\t\t<\/h3>\n\t\t\t\t<div class=\"elementor-post__excerpt\">\n\t\t\t<p>Los pilotos profesionales, especialmente aquellos que trabajan en aerol\u00edneas comerciales, se entrenan utilizando simuladores de vuelo profesionales que replican con gran precisi\u00f3n las condiciones reales<\/p>\n\t\t<\/div>\n\t\t\t\t\t<div class=\"elementor-post__read-more-wrapper\">\n\t\t\n\t\t<a class=\"elementor-post__read-more\" href=\"https:\/\/globaltrainingaviation.com\/es\/que-simulador-de-vuelo-usan-los-pilotos\/\" aria-label=\"M\u00e1s informaci\u00f3n sobre \u00bfQu\u00e9 simulador de vuelo usan los pilotos?\" tabindex=\"-1\" target=\"_blank\">\n\t\t\tLeer m\u00e1s\t\t<\/a>\n\n\t\t\t\t\t<\/div>\n\t\t\t\t<\/div>\n\t\t\t\t<div class=\"elementor-post__meta-data\">\n\t\t\t\t\t<span class=\"elementor-post-date\">\n\t\t\t22 de agosto de 2025\t\t<\/span>\n\t\t\t\t<span class=\"elementor-post-avatar\">\n\t\t\tNo hay comentarios\t\t<\/span>\n\t\t\t\t<\/div>\n\t\t\t\t\t<\/div>\n\t\t<\/article>\n\t\t\t\t<article class=\"elementor-post elementor-grid-item post-24135 post type-post status-publish format-standard has-post-thumbnail hentry category-sin-categorizar\" role=\"listitem\">\n\t\t\t<div class=\"elementor-post__card\">\n\t\t\t\t<a class=\"elementor-post__thumbnail__link\" href=\"https:\/\/globaltrainingaviation.com\/es\/cual-es-la-funcion-de-un-piloto\/\" tabindex=\"-1\" target=\"_blank\"><div class=\"elementor-post__thumbnail\"><img decoding=\"async\" width=\"800\" height=\"538\" src=\"https:\/\/globaltrainingaviation.com\/wp-content\/uploads\/2025\/10\/Header3-1024x688.jpg\" class=\"attachment-large size-large wp-image-25901\" alt=\"Pruebas de acceso a aerol\u00ednea\" srcset=\"https:\/\/globaltrainingaviation.com\/wp-content\/uploads\/2025\/10\/Header3-1024x688.jpg 1024w, https:\/\/globaltrainingaviation.com\/wp-content\/uploads\/2025\/10\/Header3-300x201.jpg 300w, https:\/\/globaltrainingaviation.com\/wp-content\/uploads\/2025\/10\/Header3-768x516.jpg 768w, https:\/\/globaltrainingaviation.com\/wp-content\/uploads\/2025\/10\/Header3-1536x1031.jpg 1536w, https:\/\/globaltrainingaviation.com\/wp-content\/uploads\/2025\/10\/Header3-2048x1375.jpg 2048w\" sizes=\"(max-width: 800px) 100vw, 800px\" \/><\/div><\/a>\n\t\t\t\t<div class=\"elementor-post__text\">\n\t\t\t\t<h3 class=\"elementor-post__title\">\n\t\t\t<a href=\"https:\/\/globaltrainingaviation.com\/es\/cual-es-la-funcion-de-un-piloto\/\" target=&quot;_blank&quot;>\n\t\t\t\t\u00bfCu\u00e1l es la funci\u00f3n de un piloto? Gu\u00eda completa\t\t\t<\/a>\n\t\t<\/h3>\n\t\t\t\t<div class=\"elementor-post__excerpt\">\n\t\t\t<p>La pregunta \u201c\u00bfcu\u00e1l es la funci\u00f3n de un piloto?\u201d engloba una serie de responsabilidades t\u00e9cnicas, operativas y humanas que hacen de esta profesi\u00f3n una de<\/p>\n\t\t<\/div>\n\t\t\t\t\t<div class=\"elementor-post__read-more-wrapper\">\n\t\t\n\t\t<a class=\"elementor-post__read-more\" href=\"https:\/\/globaltrainingaviation.com\/es\/cual-es-la-funcion-de-un-piloto\/\" aria-label=\"M\u00e1s informaci\u00f3n sobre \u00bfCu\u00e1l es la funci\u00f3n de un piloto? Gu\u00eda completa\" tabindex=\"-1\" target=\"_blank\">\n\t\t\tLeer m\u00e1s\t\t<\/a>\n\n\t\t\t\t\t<\/div>\n\t\t\t\t<\/div>\n\t\t\t\t<div class=\"elementor-post__meta-data\">\n\t\t\t\t\t<span class=\"elementor-post-date\">\n\t\t\t22 de agosto de 2025\t\t<\/span>\n\t\t\t\t<span class=\"elementor-post-avatar\">\n\t\t\tNo hay comentarios\t\t<\/span>\n\t\t\t\t<\/div>\n\t\t\t\t\t<\/div>\n\t\t<\/article>\n\t\t\t\t<article class=\"elementor-post elementor-grid-item post-16794 post type-post status-publish format-standard has-post-thumbnail hentry category-sin-categorizar\" role=\"listitem\">\n\t\t\t<div class=\"elementor-post__card\">\n\t\t\t\t<a class=\"elementor-post__thumbnail__link\" href=\"https:\/\/globaltrainingaviation.com\/es\/por-que-elegir-gta-indonesia-para-hacer-tu-habilitacion-de-tipo\/\" tabindex=\"-1\" target=\"_blank\"><div class=\"elementor-post__thumbnail\"><img decoding=\"async\" width=\"768\" height=\"1024\" src=\"https:\/\/globaltrainingaviation.com\/wp-content\/uploads\/2025\/02\/WhatsApp-Image-2025-01-24-at-10.17.24-768x1024.jpeg\" class=\"attachment-large size-large wp-image-16787\" alt=\"\" srcset=\"https:\/\/globaltrainingaviation.com\/wp-content\/uploads\/2025\/02\/WhatsApp-Image-2025-01-24-at-10.17.24-768x1024.jpeg 768w, https:\/\/globaltrainingaviation.com\/wp-content\/uploads\/2025\/02\/WhatsApp-Image-2025-01-24-at-10.17.24-225x300.jpeg 225w, https:\/\/globaltrainingaviation.com\/wp-content\/uploads\/2025\/02\/WhatsApp-Image-2025-01-24-at-10.17.24-1152x1536.jpeg 1152w, https:\/\/globaltrainingaviation.com\/wp-content\/uploads\/2025\/02\/WhatsApp-Image-2025-01-24-at-10.17.24.jpeg 1200w\" sizes=\"(max-width: 768px) 100vw, 768px\" \/><\/div><\/a>\n\t\t\t\t<div class=\"elementor-post__text\">\n\t\t\t\t<h3 class=\"elementor-post__title\">\n\t\t\t<a href=\"https:\/\/globaltrainingaviation.com\/es\/por-que-elegir-gta-indonesia-para-hacer-tu-habilitacion-de-tipo\/\" target=&quot;_blank&quot;>\n\t\t\t\tPor qu\u00e9 elegir GTA Indonesia para hacer tu Habilitaci\u00f3n de Tipo\t\t\t<\/a>\n\t\t<\/h3>\n\t\t\t\t<div class=\"elementor-post__excerpt\">\n\t\t\t<p>La Experiencia Definitiva de Habilitaci\u00f3n de Tipo en el Airbus A320 Global Training Aviation (GTA) Indonesia ofrece un programa de habilitaci\u00f3n de tipo para el<\/p>\n\t\t<\/div>\n\t\t\t\t\t<div class=\"elementor-post__read-more-wrapper\">\n\t\t\n\t\t<a class=\"elementor-post__read-more\" href=\"https:\/\/globaltrainingaviation.com\/es\/por-que-elegir-gta-indonesia-para-hacer-tu-habilitacion-de-tipo\/\" aria-label=\"M\u00e1s informaci\u00f3n sobre Por qu\u00e9 elegir GTA Indonesia para hacer tu Habilitaci\u00f3n de Tipo\" tabindex=\"-1\" target=\"_blank\">\n\t\t\tLeer m\u00e1s\t\t<\/a>\n\n\t\t\t\t\t<\/div>\n\t\t\t\t<\/div>\n\t\t\t\t<div class=\"elementor-post__meta-data\">\n\t\t\t\t\t<span class=\"elementor-post-date\">\n\t\t\t13 de febrero de 2025\t\t<\/span>\n\t\t\t\t<span class=\"elementor-post-avatar\">\n\t\t\tNo hay comentarios\t\t<\/span>\n\t\t\t\t<\/div>\n\t\t\t\t\t<\/div>\n\t\t<\/article>\n\t\t\t\t<article class=\"elementor-post elementor-grid-item post-16759 post type-post status-publish format-standard has-post-thumbnail hentry category-sin-categorizar\" role=\"listitem\">\n\t\t\t<div class=\"elementor-post__card\">\n\t\t\t\t<a class=\"elementor-post__thumbnail__link\" href=\"https:\/\/globaltrainingaviation.com\/es\/todo-lo-que-debes-saber-sobre-las-fases-de-una-habilitacion-de-tipo\/\" tabindex=\"-1\" target=\"_blank\"><div class=\"elementor-post__thumbnail\"><img loading=\"lazy\" decoding=\"async\" width=\"800\" height=\"430\" src=\"https:\/\/globaltrainingaviation.com\/wp-content\/uploads\/2024\/09\/DSC_7096-11-1024x551.png\" class=\"attachment-large size-large wp-image-9965\" alt=\"A320 Full Flight Simulator GTA\" srcset=\"https:\/\/globaltrainingaviation.com\/wp-content\/uploads\/2024\/09\/DSC_7096-11-1024x551.png 1024w, https:\/\/globaltrainingaviation.com\/wp-content\/uploads\/2024\/09\/DSC_7096-11-300x162.png 300w, https:\/\/globaltrainingaviation.com\/wp-content\/uploads\/2024\/09\/DSC_7096-11-768x414.png 768w, https:\/\/globaltrainingaviation.com\/wp-content\/uploads\/2024\/09\/DSC_7096-11-1536x827.png 1536w, https:\/\/globaltrainingaviation.com\/wp-content\/uploads\/2024\/09\/DSC_7096-11.png 1950w\" sizes=\"(max-width: 800px) 100vw, 800px\" \/><\/div><\/a>\n\t\t\t\t<div class=\"elementor-post__text\">\n\t\t\t\t<h3 class=\"elementor-post__title\">\n\t\t\t<a href=\"https:\/\/globaltrainingaviation.com\/es\/todo-lo-que-debes-saber-sobre-las-fases-de-una-habilitacion-de-tipo\/\" target=&quot;_blank&quot;>\n\t\t\t\tTodo lo que debes saber sobre las fases de una Habilitaci\u00f3n de Tipo\t\t\t<\/a>\n\t\t<\/h3>\n\t\t\t\t<div class=\"elementor-post__excerpt\">\n\t\t\t<p>Obtener una habilitaci\u00f3n de tipo es un paso crucial en la carrera de cualquier piloto que desee operar aeronaves espec\u00edficas como el Airbus A320, Boeing<\/p>\n\t\t<\/div>\n\t\t\t\t\t<div class=\"elementor-post__read-more-wrapper\">\n\t\t\n\t\t<a class=\"elementor-post__read-more\" href=\"https:\/\/globaltrainingaviation.com\/es\/todo-lo-que-debes-saber-sobre-las-fases-de-una-habilitacion-de-tipo\/\" aria-label=\"M\u00e1s informaci\u00f3n sobre Todo lo que debes saber sobre las fases de una Habilitaci\u00f3n de Tipo\" tabindex=\"-1\" target=\"_blank\">\n\t\t\tLeer m\u00e1s\t\t<\/a>\n\n\t\t\t\t\t<\/div>\n\t\t\t\t<\/div>\n\t\t\t\t<div class=\"elementor-post__meta-data\">\n\t\t\t\t\t<span class=\"elementor-post-date\">\n\t\t\t12 de febrero de 2025\t\t<\/span>\n\t\t\t\t<span class=\"elementor-post-avatar\">\n\t\t\tNo hay comentarios\t\t<\/span>\n\t\t\t\t<\/div>\n\t\t\t\t\t<\/div>\n\t\t<\/article>\n\t\t\t\t<article class=\"elementor-post elementor-grid-item post-16693 post type-post status-publish format-standard has-post-thumbnail hentry category-sin-categorizar\" role=\"listitem\">\n\t\t\t<div class=\"elementor-post__card\">\n\t\t\t\t<a class=\"elementor-post__thumbnail__link\" href=\"https:\/\/globaltrainingaviation.com\/es\/cpl-vs-atpl-diferencias-clave-y-cual-necesitas-para-tu-carrera-en-la-aviacion\/\" tabindex=\"-1\" target=\"_blank\"><div class=\"elementor-post__thumbnail\"><img loading=\"lazy\" decoding=\"async\" width=\"800\" height=\"450\" src=\"https:\/\/globaltrainingaviation.com\/wp-content\/uploads\/2025\/02\/Copia-de-Flyadeal-1024x576.jpg\" class=\"attachment-large size-large wp-image-16696\" alt=\"\" srcset=\"https:\/\/globaltrainingaviation.com\/wp-content\/uploads\/2025\/02\/Copia-de-Flyadeal-1024x576.jpg 1024w, https:\/\/globaltrainingaviation.com\/wp-content\/uploads\/2025\/02\/Copia-de-Flyadeal-300x169.jpg 300w, https:\/\/globaltrainingaviation.com\/wp-content\/uploads\/2025\/02\/Copia-de-Flyadeal-768x432.jpg 768w, https:\/\/globaltrainingaviation.com\/wp-content\/uploads\/2025\/02\/Copia-de-Flyadeal-1536x864.jpg 1536w, https:\/\/globaltrainingaviation.com\/wp-content\/uploads\/2025\/02\/Copia-de-Flyadeal.jpg 1920w\" sizes=\"(max-width: 800px) 100vw, 800px\" \/><\/div><\/a>\n\t\t\t\t<div class=\"elementor-post__text\">\n\t\t\t\t<h3 class=\"elementor-post__title\">\n\t\t\t<a href=\"https:\/\/globaltrainingaviation.com\/es\/cpl-vs-atpl-diferencias-clave-y-cual-necesitas-para-tu-carrera-en-la-aviacion\/\" target=&quot;_blank&quot;>\n\t\t\t\tCPL vs. ATPL: Diferencias Clave y Cu\u00e1l Necesitas para tu Carrera en la Aviaci\u00f3n\t\t\t<\/a>\n\t\t<\/h3>\n\t\t\t\t<div class=\"elementor-post__excerpt\">\n\t\t\t<p>Iniciar una carrera como piloto comercial requiere comprender los diferentes tipos de licencias disponibles. Dos de las certificaciones m\u00e1s importantes en la aviaci\u00f3n profesional son<\/p>\n\t\t<\/div>\n\t\t\t\t\t<div class=\"elementor-post__read-more-wrapper\">\n\t\t\n\t\t<a class=\"elementor-post__read-more\" href=\"https:\/\/globaltrainingaviation.com\/es\/cpl-vs-atpl-diferencias-clave-y-cual-necesitas-para-tu-carrera-en-la-aviacion\/\" aria-label=\"M\u00e1s informaci\u00f3n sobre CPL vs. ATPL: Diferencias Clave y Cu\u00e1l Necesitas para tu Carrera en la Aviaci\u00f3n\" tabindex=\"-1\" target=\"_blank\">\n\t\t\tLeer m\u00e1s\t\t<\/a>\n\n\t\t\t\t\t<\/div>\n\t\t\t\t<\/div>\n\t\t\t\t<div class=\"elementor-post__meta-data\">\n\t\t\t\t\t<span class=\"elementor-post-date\">\n\t\t\t11 de febrero de 2025\t\t<\/span>\n\t\t\t\t<span class=\"elementor-post-avatar\">\n\t\t\tNo hay comentarios\t\t<\/span>\n\t\t\t\t<\/div>\n\t\t\t\t\t<\/div>\n\t\t<\/article>\n\t\t\t\t<article class=\"elementor-post elementor-grid-item post-14949 post type-post status-publish format-standard has-post-thumbnail hentry category-sin-categorizar\" role=\"listitem\">\n\t\t\t<div class=\"elementor-post__card\">\n\t\t\t\t<a class=\"elementor-post__thumbnail__link\" href=\"https:\/\/globaltrainingaviation.com\/es\/pasos-para-convertirse-en-un-piloto-comercial-guia-completa-2025\/\" tabindex=\"-1\" target=\"_blank\"><div class=\"elementor-post__thumbnail\"><img loading=\"lazy\" decoding=\"async\" width=\"800\" height=\"450\" src=\"https:\/\/globaltrainingaviation.com\/wp-content\/uploads\/2024\/12\/subscribe-2-1-1024x576.jpg\" class=\"attachment-large size-large wp-image-14364\" alt=\"\" srcset=\"https:\/\/globaltrainingaviation.com\/wp-content\/uploads\/2024\/12\/subscribe-2-1-1024x576.jpg 1024w, https:\/\/globaltrainingaviation.com\/wp-content\/uploads\/2024\/12\/subscribe-2-1-300x169.jpg 300w, https:\/\/globaltrainingaviation.com\/wp-content\/uploads\/2024\/12\/subscribe-2-1-768x432.jpg 768w, https:\/\/globaltrainingaviation.com\/wp-content\/uploads\/2024\/12\/subscribe-2-1-1536x864.jpg 1536w, https:\/\/globaltrainingaviation.com\/wp-content\/uploads\/2024\/12\/subscribe-2-1.jpg 1920w\" sizes=\"(max-width: 800px) 100vw, 800px\" \/><\/div><\/a>\n\t\t\t\t<div class=\"elementor-post__text\">\n\t\t\t\t<h3 class=\"elementor-post__title\">\n\t\t\t<a href=\"https:\/\/globaltrainingaviation.com\/es\/pasos-para-convertirse-en-un-piloto-comercial-guia-completa-2025\/\" target=&quot;_blank&quot;>\n\t\t\t\tPasos para convertirse en un piloto comercial: Gu\u00eda completa 2025\t\t\t<\/a>\n\t\t<\/h3>\n\t\t\t\t<div class=\"elementor-post__excerpt\">\n\t\t\t<p>Convertirse en piloto comercial es una carrera emocionante y gratificante, pero requiere compromiso, determinaci\u00f3n y una comprensi\u00f3n clara de los pasos involucrados. Esta gu\u00eda ofrece<\/p>\n\t\t<\/div>\n\t\t\t\t\t<div class=\"elementor-post__read-more-wrapper\">\n\t\t\n\t\t<a class=\"elementor-post__read-more\" href=\"https:\/\/globaltrainingaviation.com\/es\/pasos-para-convertirse-en-un-piloto-comercial-guia-completa-2025\/\" aria-label=\"M\u00e1s informaci\u00f3n sobre Pasos para convertirse en un piloto comercial: Gu\u00eda completa 2025\" tabindex=\"-1\" target=\"_blank\">\n\t\t\tLeer m\u00e1s\t\t<\/a>\n\n\t\t\t\t\t<\/div>\n\t\t\t\t<\/div>\n\t\t\t\t<div class=\"elementor-post__meta-data\">\n\t\t\t\t\t<span class=\"elementor-post-date\">\n\t\t\t10 de febrero de 2025\t\t<\/span>\n\t\t\t\t<span class=\"elementor-post-avatar\">\n\t\t\tNo hay comentarios\t\t<\/span>\n\t\t\t\t<\/div>\n\t\t\t\t\t<\/div>\n\t\t<\/article>\n\t\t\t\t<\/div>\n\t\t\n\t\t\t\t<div class=\"e-load-more-anchor\" data-page=\"1\" data-max-page=\"15\" data-next-page=\"https:\/\/globaltrainingaviation.com\/es\/wp-json\/wp\/v2\/pages\/10212\/page\/2\/\"><\/div>\n\t\t\t\t<nav class=\"elementor-pagination\" aria-label=\"Paginaci\u00f3n\">\n\t\t\t<span class=\"page-numbers prev\">&laquo; Anterior<\/span>\n<span aria-current=\"page\" class=\"page-numbers current\"><span class=\"elementor-screen-only\">P\u00e1gina<\/span>1<\/span>\n<a class=\"page-numbers\" href=\"https:\/\/globaltrainingaviation.com\/es\/wp-json\/wp\/v2\/pages\/10212\/page\/2\/\"><span class=\"elementor-screen-only\">P\u00e1gina<\/span>2<\/a>\n<a class=\"page-numbers\" href=\"https:\/\/globaltrainingaviation.com\/es\/wp-json\/wp\/v2\/pages\/10212\/page\/3\/\"><span class=\"elementor-screen-only\">P\u00e1gina<\/span>3<\/a>\n<a class=\"page-numbers\" href=\"https:\/\/globaltrainingaviation.com\/es\/wp-json\/wp\/v2\/pages\/10212\/page\/4\/\"><span class=\"elementor-screen-only\">P\u00e1gina<\/span>4<\/a>\n<a class=\"page-numbers\" href=\"https:\/\/globaltrainingaviation.com\/es\/wp-json\/wp\/v2\/pages\/10212\/page\/5\/\"><span class=\"elementor-screen-only\">P\u00e1gina<\/span>5<\/a>\n<a class=\"page-numbers\" href=\"https:\/\/globaltrainingaviation.com\/es\/wp-json\/wp\/v2\/pages\/10212\/page\/6\/\"><span class=\"elementor-screen-only\">P\u00e1gina<\/span>6<\/a>\n<a class=\"page-numbers\" href=\"https:\/\/globaltrainingaviation.com\/es\/wp-json\/wp\/v2\/pages\/10212\/page\/7\/\"><span class=\"elementor-screen-only\">P\u00e1gina<\/span>7<\/a>\n<a class=\"page-numbers\" href=\"https:\/\/globaltrainingaviation.com\/es\/wp-json\/wp\/v2\/pages\/10212\/page\/8\/\"><span class=\"elementor-screen-only\">P\u00e1gina<\/span>8<\/a>\n<a class=\"page-numbers\" href=\"https:\/\/globaltrainingaviation.com\/es\/wp-json\/wp\/v2\/pages\/10212\/page\/9\/\"><span class=\"elementor-screen-only\">P\u00e1gina<\/span>9<\/a>\n<a class=\"page-numbers\" href=\"https:\/\/globaltrainingaviation.com\/es\/wp-json\/wp\/v2\/pages\/10212\/page\/10\/\"><span class=\"elementor-screen-only\">P\u00e1gina<\/span>10<\/a>\n<a class=\"page-numbers\" href=\"https:\/\/globaltrainingaviation.com\/es\/wp-json\/wp\/v2\/pages\/10212\/page\/11\/\"><span class=\"elementor-screen-only\">P\u00e1gina<\/span>11<\/a>\n<a class=\"page-numbers\" href=\"https:\/\/globaltrainingaviation.com\/es\/wp-json\/wp\/v2\/pages\/10212\/page\/12\/\"><span class=\"elementor-screen-only\">P\u00e1gina<\/span>12<\/a>\n<a class=\"page-numbers\" href=\"https:\/\/globaltrainingaviation.com\/es\/wp-json\/wp\/v2\/pages\/10212\/page\/13\/\"><span class=\"elementor-screen-only\">P\u00e1gina<\/span>13<\/a>\n<a class=\"page-numbers\" href=\"https:\/\/globaltrainingaviation.com\/es\/wp-json\/wp\/v2\/pages\/10212\/page\/14\/\"><span class=\"elementor-screen-only\">P\u00e1gina<\/span>14<\/a>\n<a class=\"page-numbers\" href=\"https:\/\/globaltrainingaviation.com\/es\/wp-json\/wp\/v2\/pages\/10212\/page\/15\/\"><span class=\"elementor-screen-only\">P\u00e1gina<\/span>15<\/a>\n<a class=\"page-numbers next\" href=\"https:\/\/globaltrainingaviation.com\/es\/wp-json\/wp\/v2\/pages\/10212\/page\/2\/\">Siguiente &raquo;<\/a>\t\t<\/nav>\n\t\t\t\t\t\t<\/div>\n\t\t\t\t<\/div>\n\t\t\t\t<\/div>\n\t\t\t\t<\/div>\n\t\t","protected":false},"excerpt":{"rendered":"<p>Noticias y Blog de Aviaci\u00f3n &#8211; Actualidad y Tendencias<\/p>\n","protected":false},"author":1,"featured_media":0,"parent":0,"menu_order":0,"comment_status":"closed","ping_status":"closed","template":"","meta":{"om_disable_all_campaigns":false,"_uf_show_specific_survey":0,"_uf_disable_surveys":false,"footnotes":""},"categories":[],"tags":[],"class_list":["post-10212","page","type-page","status-publish","hentry"],"aioseo_notices":[],"_links":{"self":[{"href":"https:\/\/globaltrainingaviation.com\/es\/wp-json\/wp\/v2\/pages\/10212","targetHints":{"allow":["GET"]}}],"collection":[{"href":"https:\/\/globaltrainingaviation.com\/es\/wp-json\/wp\/v2\/pages"}],"about":[{"href":"https:\/\/globaltrainingaviation.com\/es\/wp-json\/wp\/v2\/types\/page"}],"author":[{"embeddable":true,"href":"https:\/\/globaltrainingaviation.com\/es\/wp-json\/wp\/v2\/users\/1"}],"replies":[{"embeddable":true,"href":"https:\/\/globaltrainingaviation.com\/es\/wp-json\/wp\/v2\/comments?post=10212"}],"version-history":[{"count":24,"href":"https:\/\/globaltrainingaviation.com\/es\/wp-json\/wp\/v2\/pages\/10212\/revisions"}],"predecessor-version":[{"id":28156,"href":"https:\/\/globaltrainingaviation.com\/es\/wp-json\/wp\/v2\/pages\/10212\/revisions\/28156"}],"wp:attachment":[{"href":"https:\/\/globaltrainingaviation.com\/es\/wp-json\/wp\/v2\/media?parent=10212"}],"wp:term":[{"taxonomy":"category","embeddable":true,"href":"https:\/\/globaltrainingaviation.com\/es\/wp-json\/wp\/v2\/categories?post=10212"},{"taxonomy":"post_tag","embeddable":true,"href":"https:\/\/globaltrainingaviation.com\/es\/wp-json\/wp\/v2\/tags?post=10212"}],"curies":[{"name":"wp","href":"https:\/\/api.w.org\/{rel}","templated":true}]}}