{"id":10166,"date":"2024-09-24T09:52:12","date_gmt":"2024-09-24T07:52:12","guid":{"rendered":"https:\/\/globaltrainingaviation.com\/pulsa\/"},"modified":"2025-07-09T13:44:25","modified_gmt":"2025-07-09T11:44:25","slug":"prensa","status":"publish","type":"page","link":"https:\/\/globaltrainingaviation.com\/es\/prensa\/","title":{"rendered":"Prensa"},"content":{"rendered":"\t\t<div data-elementor-type=\"wp-page\" data-elementor-id=\"10166\" class=\"elementor elementor-10166 elementor-6320\" wpc-filter-elementor-widget=\"1\" data-elementor-post-type=\"page\">\n\t\t\t\t<div class=\"elementor-element elementor-element-90dcf2b e-con-full e-flex e-con e-parent\" data-id=\"90dcf2b\" data-element_type=\"container\" data-e-type=\"container\" data-settings=\"{&quot;background_background&quot;:&quot;classic&quot;}\">\n\t\t<div class=\"elementor-element elementor-element-6913fa3 e-con-full e-flex e-con e-child\" data-id=\"6913fa3\" data-element_type=\"container\" data-e-type=\"container\">\n\t\t<div class=\"elementor-element elementor-element-0d66e26 e-con-full e-flex e-con e-child\" data-id=\"0d66e26\" data-element_type=\"container\" data-e-type=\"container\">\n\t\t\t\t<div class=\"elementor-element elementor-element-83c4039 elementor-widget elementor-widget-heading\" data-id=\"83c4039\" data-element_type=\"widget\" data-e-type=\"widget\" data-widget_type=\"heading.default\">\n\t\t\t\t<div class=\"elementor-widget-container\">\n\t\t\t\t\t<h1 class=\"elementor-heading-title elementor-size-default\">Prensa<\/h1>\t\t\t\t<\/div>\n\t\t\t\t<\/div>\n\t\t\t\t<\/div>\n\t\t<div class=\"elementor-element elementor-element-5684c7d e-con-full elementor-hidden-mobile e-flex e-con e-child\" data-id=\"5684c7d\" data-element_type=\"container\" data-e-type=\"container\">\n\t\t\t\t<\/div>\n\t\t\t\t<\/div>\n\t\t\t\t<\/div>\n\t\t<div class=\"elementor-element elementor-element-c17f6a5 e-con-full e-flex e-con e-parent\" data-id=\"c17f6a5\" data-element_type=\"container\" data-e-type=\"container\">\n\t\t<div class=\"elementor-element elementor-element-409c78c e-con-full e-flex e-con e-child\" data-id=\"409c78c\" data-element_type=\"container\" data-e-type=\"container\">\n\t\t\t\t<div class=\"elementor-element elementor-element-926d332 elementor-widget elementor-widget-heading\" data-id=\"926d332\" data-element_type=\"widget\" data-e-type=\"widget\" data-widget_type=\"heading.default\">\n\t\t\t\t<div class=\"elementor-widget-container\">\n\t\t\t\t\t<h2 class=\"elementor-heading-title elementor-size-default\">COPAC, Sepla y GTA dan a conocer a los cinco ganadores de la IV edici\u00f3n de las Becas Carlos Salas<\/h2>\t\t\t\t<\/div>\n\t\t\t\t<\/div>\n\t\t\t\t<div class=\"elementor-element elementor-element-b743762 elementor-widget elementor-widget-text-editor\" data-id=\"b743762\" data-element_type=\"widget\" data-e-type=\"widget\" data-widget_type=\"text-editor.default\">\n\t\t\t\t<div class=\"elementor-widget-container\">\n\t\t\t\t\t\t\t\t\t<p>09 | 07 | 2025 &#8211; COPAC<\/p>\t\t\t\t\t\t\t\t<\/div>\n\t\t\t\t<\/div>\n\t\t\t\t<div class=\"elementor-element elementor-element-ff7bc1b elementor-widget elementor-widget-text-editor\" data-id=\"ff7bc1b\" data-element_type=\"widget\" data-e-type=\"widget\" data-widget_type=\"text-editor.default\">\n\t\t\t\t<div class=\"elementor-widget-container\">\n\t\t\t\t\t\t\t\t\t<p>COPAC, Sepla y GTA han anunciado a los cinco ganadores de la IV edici\u00f3n de las Becas Carlos Salas. Los premiados han sido seleccionados entre 51 aspirantes por su excelencia acad\u00e9mica y habilidades de vuelo. Cada uno recibir\u00e1 12.000 \u20ac para financiar su habilitaci\u00f3n de tipo.<\/p>\t\t\t\t\t\t\t\t<\/div>\n\t\t\t\t<\/div>\n\t\t\t\t<div class=\"elementor-element elementor-element-a6cc210 elementor-tablet-align-left elementor-widget elementor-widget-button\" data-id=\"a6cc210\" data-element_type=\"widget\" data-e-type=\"widget\" data-widget_type=\"button.default\">\n\t\t\t\t<div class=\"elementor-widget-container\">\n\t\t\t\t\t\t\t\t\t<div class=\"elementor-button-wrapper\">\n\t\t\t\t\t<a class=\"elementor-button elementor-button-link elementor-size-sm\" href=\"https:\/\/www.copac.es\/copac-sepla-y-gta-dan-a-conocer-a-los-cinco-ganadores-de-la-iv-edicion-de-las-becas-carlos-salas\/\">\n\t\t\t\t\t\t<span class=\"elementor-button-content-wrapper\">\n\t\t\t\t\t\t\t\t\t<span class=\"elementor-button-text\">LEER M\u00c1S<\/span>\n\t\t\t\t\t<\/span>\n\t\t\t\t\t<\/a>\n\t\t\t\t<\/div>\n\t\t\t\t\t\t\t\t<\/div>\n\t\t\t\t<\/div>\n\t\t\t\t<div class=\"elementor-element elementor-element-4534224 elementor-widget-divider--view-line elementor-widget elementor-widget-divider\" data-id=\"4534224\" data-element_type=\"widget\" data-e-type=\"widget\" data-widget_type=\"divider.default\">\n\t\t\t\t<div class=\"elementor-widget-container\">\n\t\t\t\t\t\t\t<div class=\"elementor-divider\">\n\t\t\t<span class=\"elementor-divider-separator\">\n\t\t\t\t\t\t<\/span>\n\t\t<\/div>\n\t\t\t\t\t\t<\/div>\n\t\t\t\t<\/div>\n\t\t\t\t<\/div>\n\t\t\t\t<\/div>\n\t\t<div class=\"elementor-element elementor-element-e522c84 e-con-full e-flex e-con e-parent\" data-id=\"e522c84\" data-element_type=\"container\" data-e-type=\"container\">\n\t\t<div class=\"elementor-element elementor-element-4d9d986 e-con-full e-flex e-con e-child\" data-id=\"4d9d986\" data-element_type=\"container\" data-e-type=\"container\">\n\t\t\t\t<div class=\"elementor-element elementor-element-aed1e40 elementor-widget elementor-widget-heading\" data-id=\"aed1e40\" data-element_type=\"widget\" data-e-type=\"widget\" data-widget_type=\"heading.default\">\n\t\t\t\t<div class=\"elementor-widget-container\">\n\t\t\t\t\t<h2 class=\"elementor-heading-title elementor-size-default\">Indra adquiere todas las acciones de la empresa de simulaci\u00f3n aeron\u00e1utica Global Training Aviation<\/h2>\t\t\t\t<\/div>\n\t\t\t\t<\/div>\n\t\t\t\t<div class=\"elementor-element elementor-element-d16f3e6 elementor-widget elementor-widget-text-editor\" data-id=\"d16f3e6\" data-element_type=\"widget\" data-e-type=\"widget\" data-widget_type=\"text-editor.default\">\n\t\t\t\t<div class=\"elementor-widget-container\">\n\t\t\t\t\t\t\t\t\t<p>14 | 02 | 2024 &#8211; DEFENSA<\/p>\n\t\t\t\t\t\t\t\t<\/div>\n\t\t\t\t<\/div>\n\t\t\t\t<div class=\"elementor-element elementor-element-dec6714 elementor-widget elementor-widget-text-editor\" data-id=\"dec6714\" data-element_type=\"widget\" data-e-type=\"widget\" data-widget_type=\"text-editor.default\">\n\t\t\t\t<div class=\"elementor-widget-container\">\n\t\t\t\t\t\t\t\t\t<p>Indra cerr\u00f3 la compra del 65% de GTA (Global Training Aviation), controlando as\u00ed todo su capital y convirti\u00e9ndose en una de las pocas empresas del mundo capaces de cubrir toda la cadena de valor del negocio de la simulaci\u00f3n a\u00e9rea. Esto abarca desde el desarrollo de los simuladores y sistemas de entrenamiento m\u00e1s avanzados hasta la prestaci\u00f3n de servicios de formaci\u00f3n para pilotos civiles y militares. <\/p>\n\t\t\t\t\t\t\t\t<\/div>\n\t\t\t\t<\/div>\n\t\t\t\t<div class=\"elementor-element elementor-element-685450c elementor-tablet-align-left elementor-widget elementor-widget-button\" data-id=\"685450c\" data-element_type=\"widget\" data-e-type=\"widget\" data-widget_type=\"button.default\">\n\t\t\t\t<div class=\"elementor-widget-container\">\n\t\t\t\t\t\t\t\t\t<div class=\"elementor-button-wrapper\">\n\t\t\t\t\t<a class=\"elementor-button elementor-button-link elementor-size-sm\" href=\"https:\/\/www.defensa.com\/aeronautica-y-espacio\/indra-compra-totalidad-acciones-global-training-aviation\">\n\t\t\t\t\t\t<span class=\"elementor-button-content-wrapper\">\n\t\t\t\t\t\t\t\t\t<span class=\"elementor-button-text\">LEER M\u00c1S<\/span>\n\t\t\t\t\t<\/span>\n\t\t\t\t\t<\/a>\n\t\t\t\t<\/div>\n\t\t\t\t\t\t\t\t<\/div>\n\t\t\t\t<\/div>\n\t\t\t\t<div class=\"elementor-element elementor-element-749d8b8 elementor-widget-divider--view-line elementor-widget elementor-widget-divider\" data-id=\"749d8b8\" data-element_type=\"widget\" data-e-type=\"widget\" data-widget_type=\"divider.default\">\n\t\t\t\t<div class=\"elementor-widget-container\">\n\t\t\t\t\t\t\t<div class=\"elementor-divider\">\n\t\t\t<span class=\"elementor-divider-separator\">\n\t\t\t\t\t\t<\/span>\n\t\t<\/div>\n\t\t\t\t\t\t<\/div>\n\t\t\t\t<\/div>\n\t\t\t\t<\/div>\n\t\t\t\t<\/div>\n\t\t<div class=\"elementor-element elementor-element-4abb55c e-con-full e-flex e-con e-parent\" data-id=\"4abb55c\" data-element_type=\"container\" data-e-type=\"container\">\n\t\t<div class=\"elementor-element elementor-element-a289377 e-con-full e-flex e-con e-child\" data-id=\"a289377\" data-element_type=\"container\" data-e-type=\"container\">\n\t\t\t\t<div class=\"elementor-element elementor-element-a8a3ee8 elementor-widget elementor-widget-heading\" data-id=\"a8a3ee8\" data-element_type=\"widget\" data-e-type=\"widget\" data-widget_type=\"heading.default\">\n\t\t\t\t<div class=\"elementor-widget-container\">\n\t\t\t\t\t<h2 class=\"elementor-heading-title elementor-size-default\">Indra completa la adquisici\u00f3n de Global Training Aviation<\/h2>\t\t\t\t<\/div>\n\t\t\t\t<\/div>\n\t\t\t\t<div class=\"elementor-element elementor-element-338cc87 elementor-widget elementor-widget-text-editor\" data-id=\"338cc87\" data-element_type=\"widget\" data-e-type=\"widget\" data-widget_type=\"text-editor.default\">\n\t\t\t\t<div class=\"elementor-widget-container\">\n\t\t\t\t\t\t\t\t\t<p>14 | 02 | 2024 &#8211; AVIACION DIGITAL<\/p>\n\t\t\t\t\t\t\t\t<\/div>\n\t\t\t\t<\/div>\n\t\t\t\t<div class=\"elementor-element elementor-element-f278802 elementor-widget elementor-widget-button\" data-id=\"f278802\" data-element_type=\"widget\" data-e-type=\"widget\" data-widget_type=\"button.default\">\n\t\t\t\t<div class=\"elementor-widget-container\">\n\t\t\t\t\t\t\t\t\t<div class=\"elementor-button-wrapper\">\n\t\t\t\t\t<a class=\"elementor-button elementor-button-link elementor-size-sm\" href=\"https:\/\/aviaciondigital.com\/indra-completa-la-adquisicion-de-global-training-aviation-gta\/\">\n\t\t\t\t\t\t<span class=\"elementor-button-content-wrapper\">\n\t\t\t\t\t\t\t\t\t<span class=\"elementor-button-text\">LEER M\u00c1S<\/span>\n\t\t\t\t\t<\/span>\n\t\t\t\t\t<\/a>\n\t\t\t\t<\/div>\n\t\t\t\t\t\t\t\t<\/div>\n\t\t\t\t<\/div>\n\t\t\t\t<div class=\"elementor-element elementor-element-bb49a93 elementor-widget-divider--view-line elementor-widget elementor-widget-divider\" data-id=\"bb49a93\" data-element_type=\"widget\" data-e-type=\"widget\" data-widget_type=\"divider.default\">\n\t\t\t\t<div class=\"elementor-widget-container\">\n\t\t\t\t\t\t\t<div class=\"elementor-divider\">\n\t\t\t<span class=\"elementor-divider-separator\">\n\t\t\t\t\t\t<\/span>\n\t\t<\/div>\n\t\t\t\t\t\t<\/div>\n\t\t\t\t<\/div>\n\t\t\t\t<\/div>\n\t\t\t\t<\/div>\n\t\t<div class=\"elementor-element elementor-element-0dfe3bd e-con-full e-flex e-con e-parent\" data-id=\"0dfe3bd\" data-element_type=\"container\" data-e-type=\"container\">\n\t\t<div class=\"elementor-element elementor-element-0bab499 e-con-full e-flex e-con e-child\" data-id=\"0bab499\" data-element_type=\"container\" data-e-type=\"container\">\n\t\t\t\t<div class=\"elementor-element elementor-element-04d4080 elementor-widget elementor-widget-heading\" data-id=\"04d4080\" data-element_type=\"widget\" data-e-type=\"widget\" data-widget_type=\"heading.default\">\n\t\t\t\t<div class=\"elementor-widget-container\">\n\t\t\t\t\t<h2 class=\"elementor-heading-title elementor-size-default\">Indra adquiere la empresa de formaci\u00f3n aeron\u00e1utica Global Training Aviation<\/h2>\t\t\t\t<\/div>\n\t\t\t\t<\/div>\n\t\t\t\t<div class=\"elementor-element elementor-element-c9c57f8 elementor-widget elementor-widget-text-editor\" data-id=\"c9c57f8\" data-element_type=\"widget\" data-e-type=\"widget\" data-widget_type=\"text-editor.default\">\n\t\t\t\t<div class=\"elementor-widget-container\">\n\t\t\t\t\t\t\t\t\t<p>13 | 02 | 2024 &#8211; INVESTING.COM<\/p>\n\t\t\t\t\t\t\t\t<\/div>\n\t\t\t\t<\/div>\n\t\t\t\t<div class=\"elementor-element elementor-element-9828b2a elementor-widget elementor-widget-text-editor\" data-id=\"9828b2a\" data-element_type=\"widget\" data-e-type=\"widget\" data-widget_type=\"text-editor.default\">\n\t\t\t\t<div class=\"elementor-widget-container\">\n\t\t\t\t\t\t\t\t\t<p>Madrid, 13 feb (.).- La empresa de consultor\u00eda y tecnolog\u00eda Indra (BME:IDR) se ha hecho con el 100 % de la participaci\u00f3n en la firma de formaci\u00f3n aeron\u00e1utica Global Training Aviation (GTA), de la que hasta ahora controlaba el 35 % del capital.<\/p>\n\t\t\t\t\t\t\t\t<\/div>\n\t\t\t\t<\/div>\n\t\t\t\t<div class=\"elementor-element elementor-element-6210546 elementor-widget elementor-widget-button\" data-id=\"6210546\" data-element_type=\"widget\" data-e-type=\"widget\" data-widget_type=\"button.default\">\n\t\t\t\t<div class=\"elementor-widget-container\">\n\t\t\t\t\t\t\t\t\t<div class=\"elementor-button-wrapper\">\n\t\t\t\t\t<a class=\"elementor-button elementor-button-link elementor-size-sm\" href=\"https:\/\/es.investing.com\/news\/stock-market-news\/indra-adquiere-la-firma-de-formacion-aeronautica-global-training-aviation-2567027\">\n\t\t\t\t\t\t<span class=\"elementor-button-content-wrapper\">\n\t\t\t\t\t\t\t\t\t<span class=\"elementor-button-text\">LEER M\u00c1S<\/span>\n\t\t\t\t\t<\/span>\n\t\t\t\t\t<\/a>\n\t\t\t\t<\/div>\n\t\t\t\t\t\t\t\t<\/div>\n\t\t\t\t<\/div>\n\t\t\t\t<div class=\"elementor-element elementor-element-74a1311 elementor-widget-divider--view-line elementor-widget elementor-widget-divider\" data-id=\"74a1311\" data-element_type=\"widget\" data-e-type=\"widget\" data-widget_type=\"divider.default\">\n\t\t\t\t<div class=\"elementor-widget-container\">\n\t\t\t\t\t\t\t<div class=\"elementor-divider\">\n\t\t\t<span class=\"elementor-divider-separator\">\n\t\t\t\t\t\t<\/span>\n\t\t<\/div>\n\t\t\t\t\t\t<\/div>\n\t\t\t\t<\/div>\n\t\t\t\t<\/div>\n\t\t\t\t<\/div>\n\t\t<div class=\"elementor-element elementor-element-48149ad e-con-full e-flex e-con e-parent\" data-id=\"48149ad\" data-element_type=\"container\" data-e-type=\"container\">\n\t\t<div class=\"elementor-element elementor-element-215b9e7 e-con-full e-flex e-con e-child\" data-id=\"215b9e7\" data-element_type=\"container\" data-e-type=\"container\">\n\t\t\t\t<div class=\"elementor-element elementor-element-92acf3f elementor-widget elementor-widget-heading\" data-id=\"92acf3f\" data-element_type=\"widget\" data-e-type=\"widget\" data-widget_type=\"heading.default\">\n\t\t\t\t<div class=\"elementor-widget-container\">\n\t\t\t\t\t<h2 class=\"elementor-heading-title elementor-size-default\">Indra completa la adquisici\u00f3n de la compa\u00f1\u00eda de formaci\u00f3n aeron\u00e1utica GTA<\/h2>\t\t\t\t<\/div>\n\t\t\t\t<\/div>\n\t\t\t\t<div class=\"elementor-element elementor-element-0a3d2b7 elementor-widget elementor-widget-text-editor\" data-id=\"0a3d2b7\" data-element_type=\"widget\" data-e-type=\"widget\" data-widget_type=\"text-editor.default\">\n\t\t\t\t<div class=\"elementor-widget-container\">\n\t\t\t\t\t\t\t\t\t<p>13 | 02 | 2024 &#8211; BOLSAMANIA.COM<\/p>\n\t\t\t\t\t\t\t\t<\/div>\n\t\t\t\t<\/div>\n\t\t\t\t<div class=\"elementor-element elementor-element-e76f1ef elementor-widget elementor-widget-text-editor\" data-id=\"e76f1ef\" data-element_type=\"widget\" data-e-type=\"widget\" data-widget_type=\"text-editor.default\">\n\t\t\t\t<div class=\"elementor-widget-container\">\n\t\t\t\t\t\t\t\t\t<p>Proporcionar\u00e1 una cobertura completa de las necesidades de las compa\u00f1\u00edas a\u00e9reas y los clientes militares.<\/p>\n<p>Indra ha cerrado la adquisici\u00f3n del 65% de Global Training Aviation (GTA), alcanzando as\u00ed el 100% del capital de la empresa de formaci\u00f3n aeron\u00e1utica, que cubre toda la cadena de valor del negocio, desde la fabricaci\u00f3n de simuladores de \u00faltima generaci\u00f3n hasta la prestaci\u00f3n de servicios de formaci\u00f3n para pilotos civiles y militares.<\/p>\n\t\t\t\t\t\t\t\t<\/div>\n\t\t\t\t<\/div>\n\t\t\t\t<div class=\"elementor-element elementor-element-929db2f elementor-widget elementor-widget-button\" data-id=\"929db2f\" data-element_type=\"widget\" data-e-type=\"widget\" data-widget_type=\"button.default\">\n\t\t\t\t<div class=\"elementor-widget-container\">\n\t\t\t\t\t\t\t\t\t<div class=\"elementor-button-wrapper\">\n\t\t\t\t\t<a class=\"elementor-button elementor-button-link elementor-size-sm\" href=\"https:\/\/www.bolsamania.com\/noticias\/empresas\/indra-completa-adquisicion-global-training-aviation--16169226.html\">\n\t\t\t\t\t\t<span class=\"elementor-button-content-wrapper\">\n\t\t\t\t\t\t\t\t\t<span class=\"elementor-button-text\">LEER M\u00c1S<\/span>\n\t\t\t\t\t<\/span>\n\t\t\t\t\t<\/a>\n\t\t\t\t<\/div>\n\t\t\t\t\t\t\t\t<\/div>\n\t\t\t\t<\/div>\n\t\t\t\t<div class=\"elementor-element elementor-element-6c612c3 elementor-widget-divider--view-line elementor-widget elementor-widget-divider\" data-id=\"6c612c3\" data-element_type=\"widget\" data-e-type=\"widget\" data-widget_type=\"divider.default\">\n\t\t\t\t<div class=\"elementor-widget-container\">\n\t\t\t\t\t\t\t<div class=\"elementor-divider\">\n\t\t\t<span class=\"elementor-divider-separator\">\n\t\t\t\t\t\t<\/span>\n\t\t<\/div>\n\t\t\t\t\t\t<\/div>\n\t\t\t\t<\/div>\n\t\t\t\t<\/div>\n\t\t\t\t<\/div>\n\t\t<div class=\"elementor-element elementor-element-f10ca19 e-con-full e-flex e-con e-parent\" data-id=\"f10ca19\" data-element_type=\"container\" data-e-type=\"container\">\n\t\t<div class=\"elementor-element elementor-element-6526138 e-con-full e-flex e-con e-child\" data-id=\"6526138\" data-element_type=\"container\" data-e-type=\"container\">\n\t\t\t\t<div class=\"elementor-element elementor-element-e3820ce elementor-widget elementor-widget-heading\" data-id=\"e3820ce\" data-element_type=\"widget\" data-e-type=\"widget\" data-widget_type=\"heading.default\">\n\t\t\t\t<div class=\"elementor-widget-container\">\n\t\t\t\t\t<h2 class=\"elementor-heading-title elementor-size-default\">COPAC, Sepla y GTA entregan las Becas Carlos Salas para promover la excelencia en la formaci\u00f3n de pilotos<\/h2>\t\t\t\t<\/div>\n\t\t\t\t<\/div>\n\t\t\t\t<div class=\"elementor-element elementor-element-75b2ade elementor-widget elementor-widget-text-editor\" data-id=\"75b2ade\" data-element_type=\"widget\" data-e-type=\"widget\" data-widget_type=\"text-editor.default\">\n\t\t\t\t<div class=\"elementor-widget-container\">\n\t\t\t\t\t\t\t\t\t<p>30 | 06 | 2022 &#8211; SEPLA<\/p>\n\t\t\t\t\t\t\t\t<\/div>\n\t\t\t\t<\/div>\n\t\t\t\t<div class=\"elementor-element elementor-element-4a27f9b elementor-widget elementor-widget-text-editor\" data-id=\"4a27f9b\" data-element_type=\"widget\" data-e-type=\"widget\" data-widget_type=\"text-editor.default\">\n\t\t\t\t<div class=\"elementor-widget-container\">\n\t\t\t\t\t\t\t\t\t<p>El Colegio Oficial de Pilotos de la Aviaci\u00f3n Comercial (COPAC), el Sindicato Espa\u00f1ol de Pilotos de L\u00edneas A\u00e9reas (Sepla) y Global Training Aviation (GTA) han presentado el nuevo \u00abPrograma de Becas Carlos Salas\u00bb, cuyo objetivo es facilitar el acceso a la formaci\u00f3n de los futuros pilotos.<\/p>\n\t\t\t\t\t\t\t\t<\/div>\n\t\t\t\t<\/div>\n\t\t\t\t<div class=\"elementor-element elementor-element-88dc376 elementor-widget elementor-widget-button\" data-id=\"88dc376\" data-element_type=\"widget\" data-e-type=\"widget\" data-widget_type=\"button.default\">\n\t\t\t\t<div class=\"elementor-widget-container\">\n\t\t\t\t\t\t\t\t\t<div class=\"elementor-button-wrapper\">\n\t\t\t\t\t<a class=\"elementor-button elementor-button-link elementor-size-sm\" href=\"https:\/\/sepla.es\/\">\n\t\t\t\t\t\t<span class=\"elementor-button-content-wrapper\">\n\t\t\t\t\t\t\t\t\t<span class=\"elementor-button-text\">LEER M\u00c1S<\/span>\n\t\t\t\t\t<\/span>\n\t\t\t\t\t<\/a>\n\t\t\t\t<\/div>\n\t\t\t\t\t\t\t\t<\/div>\n\t\t\t\t<\/div>\n\t\t\t\t<\/div>\n\t\t\t\t<\/div>\n\t\t<div class=\"elementor-element elementor-element-fc3719f e-flex e-con-boxed e-con e-parent\" data-id=\"fc3719f\" data-element_type=\"container\" data-e-type=\"container\">\n\t\t\t\t\t<div class=\"e-con-inner\">\n\t\t\t\t<div class=\"elementor-element elementor-element-e5b6a19 elementor-widget elementor-widget-spacer\" data-id=\"e5b6a19\" data-element_type=\"widget\" data-e-type=\"widget\" data-widget_type=\"spacer.default\">\n\t\t\t\t<div class=\"elementor-widget-container\">\n\t\t\t\t\t\t\t<div class=\"elementor-spacer\">\n\t\t\t<div class=\"elementor-spacer-inner\"><\/div>\n\t\t<\/div>\n\t\t\t\t\t\t<\/div>\n\t\t\t\t<\/div>\n\t\t\t\t\t<\/div>\n\t\t\t\t<\/div>\n\t\t\t\t<\/div>\n\t\t","protected":false},"excerpt":{"rendered":"<p>Prensa COPAC, Sepla y GTA dan a conocer a los cinco ganadores de la IV edici\u00f3n de las Becas Carlos Salas 09 | 07 | 2025 &#8211; COPAC COPAC, Sepla y GTA han anunciado a los cinco ganadores de la IV edici\u00f3n de las Becas Carlos Salas. Los premiados han sido seleccionados entre 51 aspirantes [&hellip;]<\/p>\n","protected":false},"author":1,"featured_media":0,"parent":0,"menu_order":0,"comment_status":"closed","ping_status":"closed","template":"elementor_header_footer","meta":{"om_disable_all_campaigns":false,"_uf_show_specific_survey":0,"_uf_disable_surveys":false,"footnotes":""},"categories":[],"tags":[],"class_list":["post-10166","page","type-page","status-publish","hentry"],"aioseo_notices":[],"_links":{"self":[{"href":"https:\/\/globaltrainingaviation.com\/es\/wp-json\/wp\/v2\/pages\/10166","targetHints":{"allow":["GET"]}}],"collection":[{"href":"https:\/\/globaltrainingaviation.com\/es\/wp-json\/wp\/v2\/pages"}],"about":[{"href":"https:\/\/globaltrainingaviation.com\/es\/wp-json\/wp\/v2\/types\/page"}],"author":[{"embeddable":true,"href":"https:\/\/globaltrainingaviation.com\/es\/wp-json\/wp\/v2\/users\/1"}],"replies":[{"embeddable":true,"href":"https:\/\/globaltrainingaviation.com\/es\/wp-json\/wp\/v2\/comments?post=10166"}],"version-history":[{"count":9,"href":"https:\/\/globaltrainingaviation.com\/es\/wp-json\/wp\/v2\/pages\/10166\/revisions"}],"predecessor-version":[{"id":23842,"href":"https:\/\/globaltrainingaviation.com\/es\/wp-json\/wp\/v2\/pages\/10166\/revisions\/23842"}],"wp:attachment":[{"href":"https:\/\/globaltrainingaviation.com\/es\/wp-json\/wp\/v2\/media?parent=10166"}],"wp:term":[{"taxonomy":"category","embeddable":true,"href":"https:\/\/globaltrainingaviation.com\/es\/wp-json\/wp\/v2\/categories?post=10166"},{"taxonomy":"post_tag","embeddable":true,"href":"https:\/\/globaltrainingaviation.com\/es\/wp-json\/wp\/v2\/tags?post=10166"}],"curies":[{"name":"wp","href":"https:\/\/api.w.org\/{rel}","templated":true}]}}