{"id":10066,"date":"2024-09-23T19:16:34","date_gmt":"2024-09-23T17:16:34","guid":{"rendered":"https:\/\/globaltrainingaviation.com\/aviso-legal\/"},"modified":"2026-01-22T12:33:32","modified_gmt":"2026-01-22T11:33:32","slug":"aviso-legal","status":"publish","type":"page","link":"https:\/\/globaltrainingaviation.com\/es\/aviso-legal\/","title":{"rendered":"AVISO LEGAL"},"content":{"rendered":"\t\t<div data-elementor-type=\"wp-page\" data-elementor-id=\"10066\" class=\"elementor elementor-10066 elementor-6298\" wpc-filter-elementor-widget=\"1\" data-elementor-post-type=\"page\">\n\t\t\t\t<div class=\"elementor-element elementor-element-90dcf2b e-con-full e-flex e-con e-parent\" data-id=\"90dcf2b\" data-element_type=\"container\" data-e-type=\"container\" data-settings=\"{&quot;background_background&quot;:&quot;classic&quot;}\">\n\t\t<div class=\"elementor-element elementor-element-dad2aeb e-con-full e-flex e-con e-child\" data-id=\"dad2aeb\" data-element_type=\"container\" data-e-type=\"container\">\n\t\t<div class=\"elementor-element elementor-element-0d66e26 e-con-full e-flex e-con e-child\" data-id=\"0d66e26\" data-element_type=\"container\" data-e-type=\"container\">\n\t\t\t\t<div class=\"elementor-element elementor-element-83c4039 elementor-widget-mobile__width-initial elementor-widget-laptop__width-initial elementor-widget elementor-widget-heading\" data-id=\"83c4039\" data-element_type=\"widget\" data-e-type=\"widget\" data-widget_type=\"heading.default\">\n\t\t\t\t<div class=\"elementor-widget-container\">\n\t\t\t\t\t<h1 class=\"elementor-heading-title elementor-size-default\">Aviso legal<\/h1>\t\t\t\t<\/div>\n\t\t\t\t<\/div>\n\t\t\t\t<\/div>\n\t\t\t\t<\/div>\n\t\t\t\t<\/div>\n\t\t<div class=\"elementor-element elementor-element-f1b9b2c e-con-full e-flex e-con e-parent\" data-id=\"f1b9b2c\" data-element_type=\"container\" data-e-type=\"container\">\n\t\t<div class=\"elementor-element elementor-element-586e6fd e-con-full e-flex e-con e-child\" data-id=\"586e6fd\" data-element_type=\"container\" data-e-type=\"container\">\n\t\t\t\t<div class=\"elementor-element elementor-element-f9966e5 elementor-widget elementor-widget-text-editor\" data-id=\"f9966e5\" data-element_type=\"widget\" data-e-type=\"widget\" data-widget_type=\"text-editor.default\">\n\t\t\t\t<div class=\"elementor-widget-container\">\n\t\t\t\t\t\t\t\t\t<p>Bienvenido a la p\u00e1gina web de Global Training Aviation, S.L. (GTA). El prop\u00f3sito de esta p\u00e1gina Web es proporcionar al p\u00fablico en general informaci\u00f3n relativa a los productos y servicios de GTA. <\/p>\n<p>El objeto de las presentes disposiciones es regular el uso de esta p\u00e1gina Web que GTA pone a disposici\u00f3n de los usuarios de Internet.<\/p>\n<p>La utilizaci\u00f3n de la p\u00e1gina Web atribuye la condici\u00f3n de usuario de la p\u00e1gina Web e implica la aceptaci\u00f3n de todas las condiciones incluidas en esta Informaci\u00f3n Legal. La prestaci\u00f3n del servicio de la p\u00e1gina Web tiene una duraci\u00f3n limitada al momento en el que el usuario se conecte a la p\u00e1gina Web o a alguno de los servicios que a trav\u00e9s de ella se facilitan. Por tanto, el usuario debe leer atentamente la presente Informaci\u00f3n Legal en cada una de las ocasiones en que se proponga utilizar la p\u00e1gina Web, ya que \u00e9sta y sus condiciones de uso recogidas en la presente Informaci\u00f3n Legal pueden sufrir modificaciones.  <\/p>\n<p>Las presentes condiciones generales se rigen por la Ley espa\u00f1ola.<br \/>Para cualquier controversia que pudiera derivarse de la aplicaci\u00f3n e interpretaci\u00f3n de las mismas, GTA y el usuario, con renuncia expresa a cualquier otro fuero, se someten al de los Juzgados y Tribunales de la ciudad de Madrid (Espa\u00f1a).<\/p>\n<h3><span style=\"color: #2c2760;\">01. Qui\u00e9nes somos<\/span><\/h3>\n<p>Global Training Aviation, S.L. con C.I.F. n\u00ba B-83398271, tiene su domicilio social en Madrid, Avenida de la Hispanidad n\u00ba 12, 28042 y est\u00e1 inscrita en el Registro Mercantil de Madrid al Tomo 17.973, Hoja M-310497, Folio 90. <\/p>\n<h3><span style=\"color: #2c2760;\">02. Derechos de autor y marcas registradas<\/span><\/h3>\n<p>Todos los derechos sobre el software del sitio web, as\u00ed como de los derechos de propiedad industrial e intelectual referidos a los contenidos que en ella se incluyan, son propiedad de GTA o de terceros.<\/p>\n<p>Este sitio web puede contener referencias a marcas comerciales o marcas registradas de GTA. Queda prohibido su uso sin el consentimiento previo y expreso de GTA. Todas las dem\u00e1s referencias a otras marcas comerciales o marcas registradas pertenecen a sus respectivos propietarios, sin que pueda entenderse que el acceso a la p\u00e1gina Web atribuya ning\u00fan derecho sobre las mismas.  <\/p>\n<p>Cualquier persona est\u00e1 autorizada a ver, copiar, imprimir y distribuir cualquier documento publicado por GTA en este sitio web, teniendo en cuenta que (i) dicho documento ser\u00e1 utilizado exclusivamente con fines informativos; (ii) dicho documento no podr\u00e1 ser utilizado con fines comerciales; (iii) dicho documento deber\u00e1 incluir siempre la referencia de que es propiedad de GTA.   <\/p>\n<p>Los materiales de esta p\u00e1gina Web est\u00e1n protegidos por derechos de autor y cualquier uso no autorizado de los mismos puede infringir la normativa sobre derechos de autor, marcas registradas y otras regulaciones. La autorizaci\u00f3n concedida para utilizar esta p\u00e1gina Web quedar\u00e1 autom\u00e1ticamente cancelada en caso de infringir cualquiera de estas Condiciones, estando obligado a destruir inmediatamente cualquier material obtenido o impreso de la p\u00e1gina Web. <\/p>\n<p>GTA no concede ninguna licencia o autorizaci\u00f3n de uso de ninguna clase sobre sus derechos de propiedad industrial e intelectual, secretos empresariales o sobre cualquier otra propiedad o derecho relacionado con la P\u00e1gina Web y sus contenidos.<\/p>\n<h3><span style=\"color: #2c2760;\">03. Precauciones legales<\/span><\/h3>\n<p>GTA se reserva el derecho a modificar, en cualquier momento y sin previo aviso, la configuraci\u00f3n y contenidos de la p\u00e1gina Web.<\/p>\n<p>La informaci\u00f3n de este sitio web se proporciona sin garant\u00eda de ning\u00fan tipo, ni limpia ni declarada, y puede modificarse o actualizarse sin previo aviso.<\/p>\n<p>El usuario se compromete a no llevar a cabo ninguna conducta que pueda da\u00f1ar los intereses y derechos de GTA o de terceros.<\/p>\n<p>Toda la informaci\u00f3n que reciba GTA a trav\u00e9s de este sitio web no tendr\u00e1 la consideraci\u00f3n de confidencial, salvo la contemplada en el apartado de confidencialidad de datos.<\/p>\n\t\t\t\t\t\t\t\t<\/div>\n\t\t\t\t<\/div>\n\t\t\t\t<\/div>\n\t\t<div class=\"elementor-element elementor-element-e1ec429 e-con-full e-flex e-con e-child\" data-id=\"e1ec429\" data-element_type=\"container\" data-e-type=\"container\">\n\t\t\t\t<div class=\"elementor-element elementor-element-491200f elementor-widget elementor-widget-text-editor\" data-id=\"491200f\" data-element_type=\"widget\" data-e-type=\"widget\" data-widget_type=\"text-editor.default\">\n\t\t\t\t<div class=\"elementor-widget-container\">\n\t\t\t\t\t\t\t\t\t<p>Cualquier persona f\u00edsica o jur\u00eddica que quiera establecer un hiperenlace o hiperv\u00ednculo, deber\u00e1 solicitar autorizaci\u00f3n previa a GTA. GTA no asume responsabilidad alguna derivada de los contenidos que terceras partes hayan incluido en los hiperv\u00ednculos a los que se hace referencia en esta p\u00e1gina. El establecimiento del hiperenlace no implica en ning\u00fan caso la existencia de relaciones entre GTA y el propietario de la p\u00e1gina Web en la que se establezca, ni la aceptaci\u00f3n y aprobaci\u00f3n por parte de GTA de sus contenidos o servicios all\u00ed ofrecidos puestos a disposici\u00f3n del p\u00fablico.  <\/p>\n<p>Queda expresamente prohibido cualquier cambio, modificaci\u00f3n o adaptaci\u00f3n de este sitio web o de cualquier informaci\u00f3n que contenga.<\/p>\n<p>GTA no se responsabiliza de cualquier da\u00f1o o perjuicio en el software o hardware del usuario que se derive del acceso a su p\u00e1gina Web o del uso de informaci\u00f3n o aplicaciones en ella contenidas. Asimismo, no se responsabiliza ni garantiza la disponibilidad y continuidad en el acceso a esta p\u00e1gina Web o que el mismo est\u00e9 libre de errores. <\/p>\n<p>El usuario responder\u00e1 de los da\u00f1os y perjuicios de toda naturaleza que GTA pueda sufrir como consecuencia del cumplimiento de cualquiera de las obligaciones a las que queda sometido por las presentes condiciones. El usuario es consciente y acepta voluntariamente que el uso de cualesquiera contenidos de este sitio web tiene lugar, en todo caso, bajo su \u00fanica y exclusiva responsabilidad. <\/p>\n<h3><span style=\"color: #2c2760;\">04. Confidencialidad de los datos<\/span><\/h3>\n<p>GTA se compromete a respetar lo dispuesto en el Reglamento General de Protecci\u00f3n de Datos 2016\/679 (RGPD) y en la Ley Org\u00e1nica 3\/2018, de Protecci\u00f3n de Datos Personales y garant\u00eda de los derechos digitales (LOPDGDD), en este sentido, informa de lo siguiente.<\/p>\n<p>Para la utilizaci\u00f3n de determinados contenidos y servicios, GTA podr\u00e1 requerir del usuario ciertos datos de car\u00e1cter personal. En tal caso, GTA informar\u00e1 al usuario, previa y adecuadamente, para que pueda prestar su consentimiento al tratamiento de sus datos por GTA para la finalidad concreta. En estos casos, determinados datos se consideran imprescindibles y, si no se facilitan, no ser\u00e1 posible utilizar dichos contenidos o servicios.  <\/p>\n<p>En GTA trataremos los datos personales recogidos a trav\u00e9s del Sitio Web para los siguientes fines:<\/p>\n<p>Env\u00edo de informaci\u00f3n solicitada a trav\u00e9s de los formularios de contacto habilitados en el Sitio Web.<br \/>Env\u00edo de newsletters-, as\u00ed como comunicaciones comerciales de promociones o actividades organizadas o en las que participe la empresa que puedan resultar de inter\u00e9s para el usuario y\/o publicidad del Sitio Web.<\/p>\n<p>Los campos de dichos registros son obligatorios, siendo imposible llevar a cabo las finalidades expresadas si no se facilitan dichos datos.<\/p>\n<p>Dichos datos se mantendr\u00e1n en la m\u00e1s estricta confidencialidad y no se utilizar\u00e1n para ning\u00fan otro fin. Se conservar\u00e1n mientras se mantenga la relaci\u00f3n comercial o no se solicite su supresi\u00f3n y durante el plazo por el que pudieran derivarse responsabilidades legales por los servicios prestados. <\/p>\n<p>El usuario podr\u00e1 revocar el consentimiento prestado y ejercer los derechos de acceso, rectificaci\u00f3n, cancelaci\u00f3n y oposici\u00f3n dirigi\u00e9ndose a la siguiente direcci\u00f3n: Delegado de Protecci\u00f3n de Datos de Global Training Aviation, S.L (Av de la Hispanidad n\u00ba 12, 28042 Madrid).<\/p>\n<h3><span style=\"color: #2c2760;\">05. Contacto legal<\/span><\/h3>\n<p>Para cualquier sugerencia o pregunta sobre este aviso legal, ponte en contacto con nosotros en privacy@globaltrainingaviation.com.<\/p>\n\t\t\t\t\t\t\t\t<\/div>\n\t\t\t\t<\/div>\n\t\t\t\t<\/div>\n\t\t\t\t<\/div>\n\t\t\t\t<\/div>\n\t\t","protected":false},"excerpt":{"rendered":"<p>Aviso legal Bienvenido a la p\u00e1gina web de Global Training Aviation, S.L. (GTA). El prop\u00f3sito de esta p\u00e1gina Web es proporcionar al p\u00fablico en general informaci\u00f3n relativa a los productos y servicios de GTA. El objeto de las presentes disposiciones es regular el uso de esta p\u00e1gina Web que GTA pone a disposici\u00f3n de los [&hellip;]<\/p>\n","protected":false},"author":1,"featured_media":0,"parent":0,"menu_order":0,"comment_status":"closed","ping_status":"closed","template":"elementor_header_footer","meta":{"om_disable_all_campaigns":false,"_uf_show_specific_survey":0,"_uf_disable_surveys":false,"footnotes":""},"categories":[],"tags":[],"class_list":["post-10066","page","type-page","status-publish","hentry"],"aioseo_notices":[],"_links":{"self":[{"href":"https:\/\/globaltrainingaviation.com\/es\/wp-json\/wp\/v2\/pages\/10066","targetHints":{"allow":["GET"]}}],"collection":[{"href":"https:\/\/globaltrainingaviation.com\/es\/wp-json\/wp\/v2\/pages"}],"about":[{"href":"https:\/\/globaltrainingaviation.com\/es\/wp-json\/wp\/v2\/types\/page"}],"author":[{"embeddable":true,"href":"https:\/\/globaltrainingaviation.com\/es\/wp-json\/wp\/v2\/users\/1"}],"replies":[{"embeddable":true,"href":"https:\/\/globaltrainingaviation.com\/es\/wp-json\/wp\/v2\/comments?post=10066"}],"version-history":[{"count":2,"href":"https:\/\/globaltrainingaviation.com\/es\/wp-json\/wp\/v2\/pages\/10066\/revisions"}],"predecessor-version":[{"id":10068,"href":"https:\/\/globaltrainingaviation.com\/es\/wp-json\/wp\/v2\/pages\/10066\/revisions\/10068"}],"wp:attachment":[{"href":"https:\/\/globaltrainingaviation.com\/es\/wp-json\/wp\/v2\/media?parent=10066"}],"wp:term":[{"taxonomy":"category","embeddable":true,"href":"https:\/\/globaltrainingaviation.com\/es\/wp-json\/wp\/v2\/categories?post=10066"},{"taxonomy":"post_tag","embeddable":true,"href":"https:\/\/globaltrainingaviation.com\/es\/wp-json\/wp\/v2\/tags?post=10066"}],"curies":[{"name":"wp","href":"https:\/\/api.w.org\/{rel}","templated":true}]}}