{"id":10030,"date":"2024-09-10T13:53:26","date_gmt":"2024-09-10T11:53:26","guid":{"rendered":"https:\/\/globaltrainingaviation.com\/formacion-de-tripulantes-de-cabina\/"},"modified":"2025-10-29T14:25:07","modified_gmt":"2025-10-29T13:25:07","slug":"formacion-de-tripulantes-de-cabina","status":"publish","type":"page","link":"https:\/\/globaltrainingaviation.com\/es\/formacion-de-tripulantes-de-cabina\/","title":{"rendered":"Formaci\u00f3n de Auxiliares de vuelo"},"content":{"rendered":"\t\t<div data-elementor-type=\"wp-page\" data-elementor-id=\"10030\" class=\"elementor elementor-10030 elementor-2592\" wpc-filter-elementor-widget=\"1\" data-elementor-post-type=\"page\">\n\t\t\t\t<div class=\"elementor-element elementor-element-90dcf2b e-con-full e-flex e-con e-parent\" data-id=\"90dcf2b\" data-element_type=\"container\" data-e-type=\"container\" data-settings=\"{&quot;background_background&quot;:&quot;classic&quot;}\">\n\t\t<div class=\"elementor-element elementor-element-dad2aeb e-con-full e-flex e-con e-child\" data-id=\"dad2aeb\" data-element_type=\"container\" data-e-type=\"container\">\n\t\t<div class=\"elementor-element elementor-element-0d66e26 e-con-full e-flex e-con e-child\" data-id=\"0d66e26\" data-element_type=\"container\" data-e-type=\"container\">\n\t\t\t\t<div class=\"elementor-element elementor-element-83c4039 elementor-widget-mobile__width-initial elementor-widget elementor-widget-heading\" data-id=\"83c4039\" data-element_type=\"widget\" data-e-type=\"widget\" data-widget_type=\"heading.default\">\n\t\t\t\t<div class=\"elementor-widget-container\">\n\t\t\t\t\t<h1 class=\"elementor-heading-title elementor-size-default\">Entrenamiento para Tripulantes de Cabina <\/h1>\t\t\t\t<\/div>\n\t\t\t\t<\/div>\n\t\t\t\t<\/div>\n\t\t<div class=\"elementor-element elementor-element-5684c7d e-con-full elementor-hidden-mobile e-flex e-con e-child\" data-id=\"5684c7d\" data-element_type=\"container\" data-e-type=\"container\">\n\t\t\t\t<\/div>\n\t\t\t\t<\/div>\n\t\t\t\t<\/div>\n\t\t<div class=\"elementor-element elementor-element-c9bfab5 e-con-full e-flex e-con e-parent\" data-id=\"c9bfab5\" data-element_type=\"container\" data-e-type=\"container\">\n\t\t<div class=\"elementor-element elementor-element-ea58968 e-con-full e-flex e-con e-child\" data-id=\"ea58968\" data-element_type=\"container\" data-e-type=\"container\">\n\t\t<div class=\"elementor-element elementor-element-b691be3 e-con-full e-flex e-con e-child\" data-id=\"b691be3\" data-element_type=\"container\" data-e-type=\"container\">\n\t\t<div class=\"elementor-element elementor-element-32d214d e-con-full e-flex e-con e-child\" data-id=\"32d214d\" data-element_type=\"container\" data-e-type=\"container\">\n\t\t\t\t<div class=\"elementor-element elementor-element-bb9a087 elementor-widget elementor-widget-image\" data-id=\"bb9a087\" data-element_type=\"widget\" data-e-type=\"widget\" data-widget_type=\"image.default\">\n\t\t\t\t<div class=\"elementor-widget-container\">\n\t\t\t\t\t\t\t\t\t\t\t\t\t\t\t<img fetchpriority=\"high\" decoding=\"async\" width=\"1340\" height=\"1365\" src=\"https:\/\/globaltrainingaviation.com\/wp-content\/uploads\/2025\/10\/5eb79d49-358d-4c54-b778-74c506d579c8-1-e1761742937796.jpeg\" class=\"attachment-full size-full wp-image-26646\" alt=\"\" srcset=\"https:\/\/globaltrainingaviation.com\/wp-content\/uploads\/2025\/10\/5eb79d49-358d-4c54-b778-74c506d579c8-1-e1761742937796.jpeg 1340w, https:\/\/globaltrainingaviation.com\/wp-content\/uploads\/2025\/10\/5eb79d49-358d-4c54-b778-74c506d579c8-1-e1761742937796-295x300.jpeg 295w, https:\/\/globaltrainingaviation.com\/wp-content\/uploads\/2025\/10\/5eb79d49-358d-4c54-b778-74c506d579c8-1-e1761742937796-1005x1024.jpeg 1005w, https:\/\/globaltrainingaviation.com\/wp-content\/uploads\/2025\/10\/5eb79d49-358d-4c54-b778-74c506d579c8-1-e1761742937796-768x782.jpeg 768w\" sizes=\"(max-width: 1340px) 100vw, 1340px\" \/>\t\t\t\t\t\t\t\t\t\t\t\t\t\t\t<\/div>\n\t\t\t\t<\/div>\n\t\t<div class=\"elementor-element elementor-element-7cbf61e e-con-full e-flex e-con e-child\" data-id=\"7cbf61e\" data-element_type=\"container\" data-e-type=\"container\">\n\t\t\t\t<div class=\"elementor-element elementor-element-5735792 elementor-widget elementor-widget-heading\" data-id=\"5735792\" data-element_type=\"widget\" data-e-type=\"widget\" data-widget_type=\"heading.default\">\n\t\t\t\t<div class=\"elementor-widget-container\">\n\t\t\t\t\t<h3 class=\"elementor-heading-title elementor-size-default\">Curso oficial AESA<\/h3>\t\t\t\t<\/div>\n\t\t\t\t<\/div>\n\t\t\t\t<div class=\"elementor-element elementor-element-29192e0 elementor-widget elementor-widget-heading\" data-id=\"29192e0\" data-element_type=\"widget\" data-e-type=\"widget\" data-widget_type=\"heading.default\">\n\t\t\t\t<div class=\"elementor-widget-container\">\n\t\t\t\t\t<h2 class=\"elementor-heading-title elementor-size-default\">CURSO DE AUXILIAR DE VUELO<\/h2>\t\t\t\t<\/div>\n\t\t\t\t<\/div>\n\t\t\t\t<div class=\"elementor-element elementor-element-bfa0d38 elementor-widget__width-initial elementor-widget-mobile__width-inherit elementor-widget elementor-widget-text-editor\" data-id=\"bfa0d38\" data-element_type=\"widget\" data-e-type=\"widget\" data-widget_type=\"text-editor.default\">\n\t\t\t\t<div class=\"elementor-widget-container\">\n\t\t\t\t\t\t\t\t\t<p>El curso de auxiliar de vuelo impartido en <a href=\"https:\/\/globaltrainingaviation.com\/es\/gta-madrid\/\"><span style=\"color: #ad8f10;\"><strong>GTA Madrid<\/strong><\/span><\/a> te permitir\u00e1 empezar tu carrera como Tripulante de cabina en tan solo cuatro semanas.<\/p>\t\t\t\t\t\t\t\t<\/div>\n\t\t\t\t<\/div>\n\t\t<div class=\"elementor-element elementor-element-27a6896 e-con-full e-flex e-con e-child\" data-id=\"27a6896\" data-element_type=\"container\" data-e-type=\"container\" data-settings=\"{&quot;background_background&quot;:&quot;classic&quot;}\">\n\t\t<div class=\"elementor-element elementor-element-15d3391 e-con-full e-flex e-con e-child\" data-id=\"15d3391\" data-element_type=\"container\" data-e-type=\"container\">\n\t\t\t\t<div class=\"elementor-element elementor-element-f5f24f8 elementor-mobile-align-justify elementor-widget elementor-widget-button\" data-id=\"f5f24f8\" data-element_type=\"widget\" data-e-type=\"widget\" data-widget_type=\"button.default\">\n\t\t\t\t<div class=\"elementor-widget-container\">\n\t\t\t\t\t\t\t\t\t<div class=\"elementor-button-wrapper\">\n\t\t\t\t\t<a class=\"elementor-button elementor-button-link elementor-size-sm\" href=\"https:\/\/globaltrainingaviation.com\/es\/curso-auxiliar-de-vuelo-aesa\/\">\n\t\t\t\t\t\t<span class=\"elementor-button-content-wrapper\">\n\t\t\t\t\t\t\t\t\t<span class=\"elementor-button-text\">VER CURSO<\/span>\n\t\t\t\t\t<\/span>\n\t\t\t\t\t<\/a>\n\t\t\t\t<\/div>\n\t\t\t\t\t\t\t\t<\/div>\n\t\t\t\t<\/div>\n\t\t\t\t<div class=\"elementor-element elementor-element-f39d682 elementor-mobile-align-justify elementor-widget elementor-widget-button\" data-id=\"f39d682\" data-element_type=\"widget\" data-e-type=\"widget\" data-widget_type=\"button.default\">\n\t\t\t\t<div class=\"elementor-widget-container\">\n\t\t\t\t\t\t\t\t\t<div class=\"elementor-button-wrapper\">\n\t\t\t\t\t<a class=\"elementor-button elementor-button-link elementor-size-sm\" href=\"https:\/\/globaltrainingaviation.com\/es\/curso-tripulacion-de-cabina-aesa\/#form-stk\">\n\t\t\t\t\t\t<span class=\"elementor-button-content-wrapper\">\n\t\t\t\t\t\t\t\t\t<span class=\"elementor-button-text\">SOLICITAR INFORMACI\u00d3N<\/span>\n\t\t\t\t\t<\/span>\n\t\t\t\t\t<\/a>\n\t\t\t\t<\/div>\n\t\t\t\t\t\t\t\t<\/div>\n\t\t\t\t<\/div>\n\t\t\t\t<\/div>\n\t\t\t\t<\/div>\n\t\t\t\t<\/div>\n\t\t\t\t<\/div>\n\t\t\t\t<\/div>\n\t\t<div class=\"elementor-element elementor-element-9e56693 e-con-full elementor-hidden-tablet e-flex e-con e-child\" data-id=\"9e56693\" data-element_type=\"container\" data-e-type=\"container\" data-settings=\"{&quot;background_background&quot;:&quot;classic&quot;}\">\n\t\t\t\t<\/div>\n\t\t<div class=\"elementor-element elementor-element-3261ecb e-con-full e-flex e-con e-child\" data-id=\"3261ecb\" data-element_type=\"container\" data-e-type=\"container\">\n\t\t<div class=\"elementor-element elementor-element-ddaa1ee e-con-full e-flex e-con e-child\" data-id=\"ddaa1ee\" data-element_type=\"container\" data-e-type=\"container\">\n\t\t\t\t<div class=\"elementor-element elementor-element-16c8f3f elementor-widget elementor-widget-image\" data-id=\"16c8f3f\" data-element_type=\"widget\" data-e-type=\"widget\" data-widget_type=\"image.default\">\n\t\t\t\t<div class=\"elementor-widget-container\">\n\t\t\t\t\t\t\t\t\t\t\t\t\t\t\t<img decoding=\"async\" width=\"1146\" height=\"1108\" src=\"https:\/\/globaltrainingaviation.com\/wp-content\/uploads\/2025\/10\/0a0a589c-9000-443b-b239-af72640209b9-e1761743049400.jpeg\" class=\"attachment-full size-full wp-image-26644\" alt=\"\" srcset=\"https:\/\/globaltrainingaviation.com\/wp-content\/uploads\/2025\/10\/0a0a589c-9000-443b-b239-af72640209b9-e1761743049400.jpeg 1146w, https:\/\/globaltrainingaviation.com\/wp-content\/uploads\/2025\/10\/0a0a589c-9000-443b-b239-af72640209b9-e1761743049400-300x290.jpeg 300w, https:\/\/globaltrainingaviation.com\/wp-content\/uploads\/2025\/10\/0a0a589c-9000-443b-b239-af72640209b9-e1761743049400-1024x990.jpeg 1024w, https:\/\/globaltrainingaviation.com\/wp-content\/uploads\/2025\/10\/0a0a589c-9000-443b-b239-af72640209b9-e1761743049400-768x743.jpeg 768w\" sizes=\"(max-width: 1146px) 100vw, 1146px\" \/>\t\t\t\t\t\t\t\t\t\t\t\t\t\t\t<\/div>\n\t\t\t\t<\/div>\n\t\t<div class=\"elementor-element elementor-element-9c1284a e-con-full e-flex e-con e-child\" data-id=\"9c1284a\" data-element_type=\"container\" data-e-type=\"container\">\n\t\t\t\t<div class=\"elementor-element elementor-element-2fd79d4 elementor-widget elementor-widget-heading\" data-id=\"2fd79d4\" data-element_type=\"widget\" data-e-type=\"widget\" data-widget_type=\"heading.default\">\n\t\t\t\t<div class=\"elementor-widget-container\">\n\t\t\t\t\t<h3 class=\"elementor-heading-title elementor-size-default\">Instalaciones aprobadas por AESA<\/h3>\t\t\t\t<\/div>\n\t\t\t\t<\/div>\n\t\t\t\t<div class=\"elementor-element elementor-element-7f82d39 elementor-widget elementor-widget-heading\" data-id=\"7f82d39\" data-element_type=\"widget\" data-e-type=\"widget\" data-widget_type=\"heading.default\">\n\t\t\t\t<div class=\"elementor-widget-container\">\n\t\t\t\t\t<h2 class=\"elementor-heading-title elementor-size-default\">ALQUILER PARA ESCUELAS<\/h2>\t\t\t\t<\/div>\n\t\t\t\t<\/div>\n\t\t\t\t<div class=\"elementor-element elementor-element-862979a elementor-widget-mobile__width-inherit elementor-widget elementor-widget-text-editor\" data-id=\"862979a\" data-element_type=\"widget\" data-e-type=\"widget\" data-widget_type=\"text-editor.default\">\n\t\t\t\t<div class=\"elementor-widget-container\">\n\t\t\t\t\t\t\t\t\t<p>En GTA disponemos de la m\u00e1s amplia variedad de <strong><span style=\"color: #ad8f10;\"><a style=\"color: #ad8f10;\" href=\"https:\/\/globaltrainingaviation.com\/es\/dispositivos-de-entrenamiento\/\">dispositivos de entrenamiento<\/a> <\/span><\/strong>para TCPs destacando nuestro simulador de evacuaci\u00f3n y emergencias A320 CEET.<\/p>\t\t\t\t\t\t\t\t<\/div>\n\t\t\t\t<\/div>\n\t\t<div class=\"elementor-element elementor-element-6ea4852 e-con-full e-flex e-con e-child\" data-id=\"6ea4852\" data-element_type=\"container\" data-e-type=\"container\" data-settings=\"{&quot;background_background&quot;:&quot;classic&quot;}\">\n\t\t<div class=\"elementor-element elementor-element-7648e33 e-con-full e-flex e-con e-child\" data-id=\"7648e33\" data-element_type=\"container\" data-e-type=\"container\">\n\t\t\t\t<div class=\"elementor-element elementor-element-1747101 elementor-mobile-align-justify elementor-widget elementor-widget-button\" data-id=\"1747101\" data-element_type=\"widget\" data-e-type=\"widget\" data-widget_type=\"button.default\">\n\t\t\t\t<div class=\"elementor-widget-container\">\n\t\t\t\t\t\t\t\t\t<div class=\"elementor-button-wrapper\">\n\t\t\t\t\t<a class=\"elementor-button elementor-button-link elementor-size-sm\" href=\"https:\/\/globaltrainingaviation.com\/es\/alquileres-escolares\/\">\n\t\t\t\t\t\t<span class=\"elementor-button-content-wrapper\">\n\t\t\t\t\t\t\t\t\t<span class=\"elementor-button-text\">VER CURSO<\/span>\n\t\t\t\t\t<\/span>\n\t\t\t\t\t<\/a>\n\t\t\t\t<\/div>\n\t\t\t\t\t\t\t\t<\/div>\n\t\t\t\t<\/div>\n\t\t\t\t<div class=\"elementor-element elementor-element-ecda030 elementor-mobile-align-justify elementor-widget elementor-widget-button\" data-id=\"ecda030\" data-element_type=\"widget\" data-e-type=\"widget\" data-widget_type=\"button.default\">\n\t\t\t\t<div class=\"elementor-widget-container\">\n\t\t\t\t\t\t\t\t\t<div class=\"elementor-button-wrapper\">\n\t\t\t\t\t<a class=\"elementor-button elementor-button-link elementor-size-sm\" href=\"https:\/\/globaltrainingaviation.com\/es\/alquileres-escolares\/#form-stk\">\n\t\t\t\t\t\t<span class=\"elementor-button-content-wrapper\">\n\t\t\t\t\t\t\t\t\t<span class=\"elementor-button-text\">SOLICITAR INFORMACI\u00d3N<\/span>\n\t\t\t\t\t<\/span>\n\t\t\t\t\t<\/a>\n\t\t\t\t<\/div>\n\t\t\t\t\t\t\t\t<\/div>\n\t\t\t\t<\/div>\n\t\t\t\t<\/div>\n\t\t\t\t<\/div>\n\t\t\t\t<\/div>\n\t\t\t\t<\/div>\n\t\t\t\t<\/div>\n\t\t<div class=\"elementor-element elementor-element-7009c10 e-con-full elementor-hidden-widescreen elementor-hidden-desktop elementor-hidden-laptop elementor-hidden-tablet elementor-hidden-mobile e-flex e-con e-child\" data-id=\"7009c10\" data-element_type=\"container\" data-e-type=\"container\" data-settings=\"{&quot;background_background&quot;:&quot;classic&quot;}\">\n\t\t\t\t<\/div>\n\t\t\t\t<\/div>\n\t\t\t\t<\/div>\n\t\t\t\t<\/div>\n\t\t","protected":false},"excerpt":{"rendered":"<p>Entrenamiento para Tripulantes de Cabina Curso oficial AESA CURSO DE AUXILIAR DE VUELO El curso de auxiliar de vuelo impartido en GTA Madrid te permitir\u00e1 empezar tu carrera como Tripulante de cabina en tan solo cuatro semanas. VER CURSO SOLICITAR INFORMACI\u00d3N Instalaciones aprobadas por AESA ALQUILER PARA ESCUELAS En GTA disponemos de la m\u00e1s amplia [&hellip;]<\/p>\n","protected":false},"author":1,"featured_media":0,"parent":0,"menu_order":0,"comment_status":"closed","ping_status":"closed","template":"elementor_header_footer","meta":{"om_disable_all_campaigns":false,"_uf_show_specific_survey":0,"_uf_disable_surveys":false,"footnotes":""},"categories":[],"tags":[],"class_list":["post-10030","page","type-page","status-publish","hentry"],"aioseo_notices":[],"_links":{"self":[{"href":"https:\/\/globaltrainingaviation.com\/es\/wp-json\/wp\/v2\/pages\/10030","targetHints":{"allow":["GET"]}}],"collection":[{"href":"https:\/\/globaltrainingaviation.com\/es\/wp-json\/wp\/v2\/pages"}],"about":[{"href":"https:\/\/globaltrainingaviation.com\/es\/wp-json\/wp\/v2\/types\/page"}],"author":[{"embeddable":true,"href":"https:\/\/globaltrainingaviation.com\/es\/wp-json\/wp\/v2\/users\/1"}],"replies":[{"embeddable":true,"href":"https:\/\/globaltrainingaviation.com\/es\/wp-json\/wp\/v2\/comments?post=10030"}],"version-history":[{"count":32,"href":"https:\/\/globaltrainingaviation.com\/es\/wp-json\/wp\/v2\/pages\/10030\/revisions"}],"predecessor-version":[{"id":26676,"href":"https:\/\/globaltrainingaviation.com\/es\/wp-json\/wp\/v2\/pages\/10030\/revisions\/26676"}],"wp:attachment":[{"href":"https:\/\/globaltrainingaviation.com\/es\/wp-json\/wp\/v2\/media?parent=10030"}],"wp:term":[{"taxonomy":"category","embeddable":true,"href":"https:\/\/globaltrainingaviation.com\/es\/wp-json\/wp\/v2\/categories?post=10030"},{"taxonomy":"post_tag","embeddable":true,"href":"https:\/\/globaltrainingaviation.com\/es\/wp-json\/wp\/v2\/tags?post=10030"}],"curies":[{"name":"wp","href":"https:\/\/api.w.org\/{rel}","templated":true}]}}